{"id":7378,"date":"2015-06-09T14:42:56","date_gmt":"2015-06-09T14:42:56","guid":{"rendered":"https:\/\/sumex.com.es\/blog\/"},"modified":"2024-07-31T07:58:15","modified_gmt":"2024-07-31T05:58:15","slug":"blog","status":"publish","type":"page","link":"https:\/\/sumex.com.es\/ca\/blog\/","title":{"rendered":"Blog"},"content":{"rendered":"<section class=\"l-section wpb_row height_large color_secondary with_img\"><div class=\"l-section-img\" role=\"img\" data-img-width=\"1800\" data-img-height=\"1200\" style=\"background-image: url(https:\/\/sumex.com.es\/wp-content\/uploads\/2015\/12\/us-placeholder-landscape.jpg);\"><\/div><div class=\"l-section-h i-cf\"><div class=\"g-cols vc_row via_flex valign_middle type_default stacking_default\"><div class=\"vc_col-sm-12 wpb_column vc_column_container\"><div class=\"vc_column-inner\"><div class=\"wpb_wrapper\"><div class=\"wpb_text_column\"><div class=\"wpb_wrapper\"><h1>NOTICIAS &#8211; BLOG<\/h1>\n<\/div><\/div><\/div><\/div><\/div><\/div><\/div><\/section><section class=\"l-section wpb_row height_medium\"><div class=\"l-section-h i-cf\"><div class=\"g-cols vc_row via_flex valign_top type_default stacking_default\"><div class=\"vc_col-sm-12 wpb_column vc_column_container\"><div class=\"vc_column-inner\"><div class=\"wpb_wrapper\"><div class=\"w-grid type_masonry layout_5235 cols_3 pagination_ajax overflow_hidden with_isotope\" id=\"us_grid_1\" data-filterable=\"true\"><style>@media (max-width:1024px){#us_grid_1 .w-grid-item{width:50%}}@media (max-width:600px){#us_grid_1 .w-grid-list{margin:0}#us_grid_1 .w-grid-item{width:100%;padding:0;margin-bottom:var(--gap,0px)}}.layout_5235 .w-grid-item-h{background:#ffffff;box-shadow:0 0rem 0rem rgba(0,0,0,0.1),0 0rem 0rem rgba(0,0,0,0.1);transition-duration:0.3s}.no-touch .layout_5235 .w-grid-item-h:hover{box-shadow:0 0.15rem 0.3rem rgba(0,0,0,0.1),0 0.5rem 1.5rem rgba(0,0,0,0.15);z-index:4}<\/style><div class=\"w-grid-list\">\t<article class=\"w-grid-item size_1x1 post-7418 post type-post status-publish format-standard has-post-thumbnail hentry category-uncategorized-ca\" data-id=\"7418\">\r\n\t\t<div class=\"w-grid-item-h\">\r\n\t\t\t\t\t\t<div class=\"w-post-elm post_image usg_post_image_1 stretched\"><a href=\"https:\/\/sumex.com.es\/ca\/sumex-igualada-en-accio-a-la-molina\/\" aria-label=\"Sumex Igualada en acci\u00f3 a La Molina\"><img loading=\"lazy\" decoding=\"async\" width=\"600\" height=\"800\" src=\"https:\/\/sumex.com.es\/wp-content\/uploads\/2024\/10\/WhatsApp-Image-2024-09-02-at-11.43.07-600x800.jpeg\" class=\"attachment-us_600_0 size-us_600_0 wp-post-image\" alt=\"\" srcset=\"https:\/\/sumex.com.es\/wp-content\/uploads\/2024\/10\/WhatsApp-Image-2024-09-02-at-11.43.07-600x800.jpeg 600w, https:\/\/sumex.com.es\/wp-content\/uploads\/2024\/10\/WhatsApp-Image-2024-09-02-at-11.43.07-225x300.jpeg 225w, https:\/\/sumex.com.es\/wp-content\/uploads\/2024\/10\/WhatsApp-Image-2024-09-02-at-11.43.07-768x1024.jpeg 768w, https:\/\/sumex.com.es\/wp-content\/uploads\/2024\/10\/WhatsApp-Image-2024-09-02-at-11.43.07-300x400.jpeg 300w, https:\/\/sumex.com.es\/wp-content\/uploads\/2024\/10\/WhatsApp-Image-2024-09-02-at-11.43.07.jpeg 1536w\" sizes=\"auto, (max-width: 600px) 100vw, 600px\" \/><\/a><\/div><div class=\"w-vwrapper usg_vwrapper_1 align_center valign_top\"><h2 class=\"w-post-elm post_title usg_post_title_1 entry-title color_link_inherit\"><a href=\"https:\/\/sumex.com.es\/ca\/sumex-igualada-en-accio-a-la-molina\/\">Sumex Igualada en acci\u00f3 a La Molina<\/a><\/h2><div class=\"w-hwrapper usg_hwrapper_2 align_center valign_top wrap\"><time class=\"w-post-elm post_date usg_post_date_1 entry-date published\" datetime=\"2024-10-04T16:39:01+02:00\"><i class=\"far fa-clock\"><\/i>4 octubre, 2024<\/time><\/div><div class=\"w-post-elm post_content usg_post_content_1\">Sumex Igualada en acci\u00f3 a La Molina A Sumex Igualada continuem treballant en projectes que ens fan arribar a llocs incre\u00efbles. Recentment, hem estat a La Molina, col\u00b7laborant en la millora de les instal\u00b7lacions per&hellip;<\/div><\/div>\t\t<\/div>\r\n\t\t\t<\/article>\r\n\t<article class=\"w-grid-item size_1x1 post-7419 post type-post status-publish format-standard has-post-thumbnail hentry category-uncategorized-ca tag-sumexigualada-depuradoraigualada-igualada-construcciosostenible-igualadafutur-ca\" data-id=\"7419\">\r\n\t\t<div class=\"w-grid-item-h\">\r\n\t\t\t\t\t\t<div class=\"w-post-elm post_image usg_post_image_1 stretched\"><a href=\"https:\/\/sumex.com.es\/ca\/contribuim-al-projecte-dampliacio-de-la-depuradora-dadobers-digualada\/\" aria-label=\"Contribu\u00efm al projecte d\u2019ampliaci\u00f3 de la depuradora d\u2019adobers d\u2019Igualada\"><img loading=\"lazy\" decoding=\"async\" width=\"600\" height=\"800\" src=\"https:\/\/sumex.com.es\/wp-content\/uploads\/2024\/10\/3-exc-600x800.jpg\" class=\"attachment-us_600_0 size-us_600_0 wp-post-image\" alt=\"\" srcset=\"https:\/\/sumex.com.es\/wp-content\/uploads\/2024\/10\/3-exc-600x800.jpg 600w, https:\/\/sumex.com.es\/wp-content\/uploads\/2024\/10\/3-exc-225x300.jpg 225w, https:\/\/sumex.com.es\/wp-content\/uploads\/2024\/10\/3-exc-768x1024.jpg 768w, https:\/\/sumex.com.es\/wp-content\/uploads\/2024\/10\/3-exc-300x400.jpg 300w, https:\/\/sumex.com.es\/wp-content\/uploads\/2024\/10\/3-exc.jpg 1200w\" sizes=\"auto, (max-width: 600px) 100vw, 600px\" \/><\/a><\/div><div class=\"w-vwrapper usg_vwrapper_1 align_center valign_top\"><h2 class=\"w-post-elm post_title usg_post_title_1 entry-title color_link_inherit\"><a href=\"https:\/\/sumex.com.es\/ca\/contribuim-al-projecte-dampliacio-de-la-depuradora-dadobers-digualada\/\">Contribu\u00efm al projecte d\u2019ampliaci\u00f3 de la depuradora d\u2019adobers d\u2019Igualada<\/a><\/h2><div class=\"w-hwrapper usg_hwrapper_2 align_center valign_top wrap\"><time class=\"w-post-elm post_date usg_post_date_1 entry-date published\" datetime=\"2024-10-04T16:30:41+02:00\"><i class=\"far fa-clock\"><\/i>4 octubre, 2024<\/time><\/div><div class=\"w-post-elm post_content usg_post_content_1\">Contribu\u00efm al projecte d\u2019ampliaci\u00f3 de la depuradora d\u2019adobers d\u2019Igualada Des de Sumex Igualada ens sentim orgullosos de col\u00b7laborar en un projecte tan important com l\u2019ampliaci\u00f3 de la depuradora d\u2019adobers d\u2019Igualada. Amb cada moviment de terra,&hellip;<\/div><\/div>\t\t<\/div>\r\n\t\t\t<\/article>\r\n\t<article class=\"w-grid-item size_1x1 post-7420 post type-post status-publish format-standard has-post-thumbnail hentry category-uncategorized-ca tag-sumex-sumexsl-sumexprojects-sumexigualada-empresa-construccio-construccion-reforma-mercat-anoia-vilanovadelcami-enderroc-enderrocament-derribo-derribos-blog-ca\" data-id=\"7420\">\r\n\t\t<div class=\"w-grid-item-h\">\r\n\t\t\t\t\t\t<div class=\"w-post-elm post_image usg_post_image_1 stretched\"><a href=\"https:\/\/sumex.com.es\/ca\/fem-possible-la-reforma-del-nou-mercat-municipal-sant-hilari\/\" aria-label=\"Fem possible la reforma del nou Mercat Municipal Sant Hilari\"><img loading=\"lazy\" decoding=\"async\" width=\"600\" height=\"450\" src=\"https:\/\/sumex.com.es\/wp-content\/uploads\/2024\/10\/WhatsApp-Image-2024-09-02-at-16.22.42-600x450.jpeg\" class=\"attachment-us_600_0 size-us_600_0 wp-post-image\" alt=\"\" srcset=\"https:\/\/sumex.com.es\/wp-content\/uploads\/2024\/10\/WhatsApp-Image-2024-09-02-at-16.22.42-600x450.jpeg 600w, https:\/\/sumex.com.es\/wp-content\/uploads\/2024\/10\/WhatsApp-Image-2024-09-02-at-16.22.42-300x225.jpeg 300w, https:\/\/sumex.com.es\/wp-content\/uploads\/2024\/10\/WhatsApp-Image-2024-09-02-at-16.22.42-1024x768.jpeg 1024w, https:\/\/sumex.com.es\/wp-content\/uploads\/2024\/10\/WhatsApp-Image-2024-09-02-at-16.22.42-768x576.jpeg 768w, https:\/\/sumex.com.es\/wp-content\/uploads\/2024\/10\/WhatsApp-Image-2024-09-02-at-16.22.42.jpeg 2048w\" sizes=\"auto, (max-width: 600px) 100vw, 600px\" \/><\/a><\/div><div class=\"w-vwrapper usg_vwrapper_1 align_center valign_top\"><h2 class=\"w-post-elm post_title usg_post_title_1 entry-title color_link_inherit\"><a href=\"https:\/\/sumex.com.es\/ca\/fem-possible-la-reforma-del-nou-mercat-municipal-sant-hilari\/\">Fem possible la reforma del nou Mercat Municipal Sant Hilari<\/a><\/h2><div class=\"w-hwrapper usg_hwrapper_2 align_center valign_top wrap\"><time class=\"w-post-elm post_date usg_post_date_1 entry-date published\" datetime=\"2024-10-04T16:28:31+02:00\"><i class=\"far fa-clock\"><\/i>4 octubre, 2024<\/time><\/div><div class=\"w-post-elm post_content usg_post_content_1\">A Sumex S.L. tenim un nou repte empresarial. I \u00e9s que el nou mercat Municipal Sant Hilari de Vilanova del Cam\u00ed ben aviat ser\u00e0 una realitat, ja que les obres de renovaci\u00f3 continuen a bon&hellip;<\/div><\/div>\t\t<\/div>\r\n\t\t\t<\/article>\r\n\t<article class=\"w-grid-item size_1x1 post-7421 post type-post status-publish format-standard has-post-thumbnail hentry category-uncategorized-ca tag-sumex-sumexsl-sumexigualada-sumexprojects-igualada-reforma-casa-llar-construccio-construccion-web-companyia-ca\" data-id=\"7421\">\r\n\t\t<div class=\"w-grid-item-h\">\r\n\t\t\t\t\t\t<div class=\"w-post-elm post_image usg_post_image_1 stretched\"><a href=\"https:\/\/sumex.com.es\/ca\/benvinguts-des-al-nostre-blog\/\" aria-label=\"Benvinguts\/des al nostre blog!\"><img loading=\"lazy\" decoding=\"async\" width=\"600\" height=\"220\" src=\"https:\/\/sumex.com.es\/wp-content\/uploads\/2024\/10\/Flota_02-600x220.jpg\" class=\"attachment-us_600_0 size-us_600_0 wp-post-image\" alt=\"\" srcset=\"https:\/\/sumex.com.es\/wp-content\/uploads\/2024\/10\/Flota_02-600x220.jpg 600w, https:\/\/sumex.com.es\/wp-content\/uploads\/2024\/10\/Flota_02-300x110.jpg 300w, https:\/\/sumex.com.es\/wp-content\/uploads\/2024\/10\/Flota_02-1024x376.jpg 1024w, https:\/\/sumex.com.es\/wp-content\/uploads\/2024\/10\/Flota_02-768x282.jpg 768w, https:\/\/sumex.com.es\/wp-content\/uploads\/2024\/10\/Flota_02.jpg 1600w\" sizes=\"auto, (max-width: 600px) 100vw, 600px\" \/><\/a><\/div><div class=\"w-vwrapper usg_vwrapper_1 align_center valign_top\"><h2 class=\"w-post-elm post_title usg_post_title_1 entry-title color_link_inherit\"><a href=\"https:\/\/sumex.com.es\/ca\/benvinguts-des-al-nostre-blog\/\">Benvinguts\/des al nostre blog!<\/a><\/h2><div class=\"w-hwrapper usg_hwrapper_2 align_center valign_top wrap\"><time class=\"w-post-elm post_date usg_post_date_1 entry-date published\" datetime=\"2024-10-04T16:02:04+02:00\"><i class=\"far fa-clock\"><\/i>4 octubre, 2024<\/time><\/div><div class=\"w-post-elm post_content usg_post_content_1\">Som Sumex S.L., una empresa familiar del sector de la construcci\u00f3. M\u00e9s de 50 anys com a referents en el sector de la construcci\u00f3. Els nostres serveis s\u00f3n diversos: des d\u2019excavacions, enderrocaments, moviments de terres;&hellip;<\/div><\/div>\t\t<\/div>\r\n\t\t\t<\/article>\r\n<\/div><div class=\"w-grid-preloader\">\t<div class=\"g-preloader type_3\">\r\n\t\t<div><\/div>\r\n\t<\/div>\r\n\t<\/div>\t<div class=\"w-grid-json hidden\" onclick='return {&quot;action&quot;:&quot;us_ajax_grid&quot;,&quot;infinite_scroll&quot;:0,&quot;max_num_pages&quot;:1,&quot;pagination&quot;:&quot;ajax&quot;,&quot;template_vars&quot;:{&quot;columns&quot;:&quot;3&quot;,&quot;exclude_items&quot;:&quot;none&quot;,&quot;img_size&quot;:&quot;us_600_0&quot;,&quot;ignore_items_size&quot;:0,&quot;items_layout&quot;:&quot;5235&quot;,&quot;items_offset&quot;:&quot;1&quot;,&quot;load_animation&quot;:&quot;none&quot;,&quot;overriding_link&quot;:&quot;{\\&quot;url\\&quot;:\\&quot;\\&quot;}&quot;,&quot;post_id&quot;:0,&quot;query_args&quot;:{&quot;post_type&quot;:[&quot;post&quot;],&quot;post_status&quot;:[&quot;publish&quot;],&quot;posts_per_page&quot;:&quot;6&quot;},&quot;orderby_query_args&quot;:{&quot;orderby&quot;:{&quot;date&quot;:&quot;DESC&quot;}},&quot;type&quot;:&quot;masonry&quot;,&quot;us_grid_post_type&quot;:&quot;post&quot;,&quot;us_grid_ajax_index&quot;:1,&quot;us_grid_filter_query_string&quot;:null,&quot;us_grid_index&quot;:1,&quot;page_args&quot;:[],&quot;lang&quot;:&quot;ca&quot;}}'><\/div>\r\n\t<\/div><\/div><\/div><\/div><\/div><\/div><\/section>\n","protected":false},"excerpt":{"rendered":"Som Sumex S.L., una empresa familiar del sector de la construcci\u00f3. M\u00e9s de 50 anys com a referents en el sector de la construcci\u00f3. Els nostres serveis s\u00f3n diversos: des d\u2019excavacions, enderrocaments, moviments de terres; el subministrament de materials per a la construcci\u00f3; o la venda de cer\u00e0mica, banys, cuines\u2026 Per a la reforma i...","protected":false},"author":4,"featured_media":0,"parent":0,"menu_order":0,"comment_status":"closed","ping_status":"open","template":"","meta":{"_monsterinsights_skip_tracking":false,"_monsterinsights_sitenote_active":false,"_monsterinsights_sitenote_note":"","_monsterinsights_sitenote_category":0,"footnotes":""},"class_list":["post-7378","page","type-page","status-publish","hentry"],"yoast_head":"<!-- This site is optimized with the Yoast SEO plugin v25.4 - https:\/\/yoast.com\/wordpress\/plugins\/seo\/ -->\n<title>Blog - SUMEX IGUALADA<\/title>\n<meta name=\"robots\" content=\"index, follow, max-snippet:-1, max-image-preview:large, max-video-preview:-1\" \/>\n<link rel=\"canonical\" href=\"https:\/\/sumex.com.es\/ca\/blog\/\" \/>\n<meta property=\"og:locale\" content=\"ca_ES\" \/>\n<meta property=\"og:type\" content=\"article\" \/>\n<meta property=\"og:title\" content=\"Blog - SUMEX IGUALADA\" \/>\n<meta property=\"og:url\" content=\"https:\/\/sumex.com.es\/ca\/blog\/\" \/>\n<meta property=\"og:site_name\" content=\"SUMEX IGUALADA\" \/>\n<meta property=\"article:modified_time\" content=\"2024-07-31T05:58:15+00:00\" \/>\n<meta name=\"twitter:card\" content=\"summary_large_image\" \/>\n<script type=\"application\/ld+json\" class=\"yoast-schema-graph\">{\"@context\":\"https:\/\/schema.org\",\"@graph\":[{\"@type\":\"WebPage\",\"@id\":\"https:\/\/sumex.com.es\/ca\/blog\/\",\"url\":\"https:\/\/sumex.com.es\/ca\/blog\/\",\"name\":\"Blog - SUMEX IGUALADA\",\"isPartOf\":{\"@id\":\"https:\/\/sumex.com.es\/#website\"},\"datePublished\":\"2015-06-09T14:42:56+00:00\",\"dateModified\":\"2024-07-31T05:58:15+00:00\",\"breadcrumb\":{\"@id\":\"https:\/\/sumex.com.es\/ca\/blog\/#breadcrumb\"},\"inLanguage\":\"ca\",\"potentialAction\":[{\"@type\":\"ReadAction\",\"target\":[\"https:\/\/sumex.com.es\/ca\/blog\/\"]}]},{\"@type\":\"BreadcrumbList\",\"@id\":\"https:\/\/sumex.com.es\/ca\/blog\/#breadcrumb\",\"itemListElement\":[{\"@type\":\"ListItem\",\"position\":1,\"name\":\"Portada\",\"item\":\"https:\/\/sumex.com.es\/ca\/\"},{\"@type\":\"ListItem\",\"position\":2,\"name\":\"Blog\"}]},{\"@type\":\"WebSite\",\"@id\":\"https:\/\/sumex.com.es\/#website\",\"url\":\"https:\/\/sumex.com.es\/\",\"name\":\"SUMEX IGUALADA\",\"description\":\"Ba\u00f1os, cocinas, cer\u00e1mica, construcci\u00f3n y reforma, ferreter\u00eda, exterior y excavaciones\",\"potentialAction\":[{\"@type\":\"SearchAction\",\"target\":{\"@type\":\"EntryPoint\",\"urlTemplate\":\"https:\/\/sumex.com.es\/?s={search_term_string}\"},\"query-input\":{\"@type\":\"PropertyValueSpecification\",\"valueRequired\":true,\"valueName\":\"search_term_string\"}}],\"inLanguage\":\"ca\"}]}<\/script>\n<!-- \/ Yoast SEO plugin. -->","yoast_head_json":{"title":"Blog - SUMEX IGUALADA","robots":{"index":"index","follow":"follow","max-snippet":"max-snippet:-1","max-image-preview":"max-image-preview:large","max-video-preview":"max-video-preview:-1"},"canonical":"https:\/\/sumex.com.es\/ca\/blog\/","og_locale":"ca_ES","og_type":"article","og_title":"Blog - SUMEX IGUALADA","og_url":"https:\/\/sumex.com.es\/ca\/blog\/","og_site_name":"SUMEX IGUALADA","article_modified_time":"2024-07-31T05:58:15+00:00","twitter_card":"summary_large_image","schema":{"@context":"https:\/\/schema.org","@graph":[{"@type":"WebPage","@id":"https:\/\/sumex.com.es\/ca\/blog\/","url":"https:\/\/sumex.com.es\/ca\/blog\/","name":"Blog - SUMEX IGUALADA","isPartOf":{"@id":"https:\/\/sumex.com.es\/#website"},"datePublished":"2015-06-09T14:42:56+00:00","dateModified":"2024-07-31T05:58:15+00:00","breadcrumb":{"@id":"https:\/\/sumex.com.es\/ca\/blog\/#breadcrumb"},"inLanguage":"ca","potentialAction":[{"@type":"ReadAction","target":["https:\/\/sumex.com.es\/ca\/blog\/"]}]},{"@type":"BreadcrumbList","@id":"https:\/\/sumex.com.es\/ca\/blog\/#breadcrumb","itemListElement":[{"@type":"ListItem","position":1,"name":"Portada","item":"https:\/\/sumex.com.es\/ca\/"},{"@type":"ListItem","position":2,"name":"Blog"}]},{"@type":"WebSite","@id":"https:\/\/sumex.com.es\/#website","url":"https:\/\/sumex.com.es\/","name":"SUMEX IGUALADA","description":"Ba\u00f1os, cocinas, cer\u00e1mica, construcci\u00f3n y reforma, ferreter\u00eda, exterior y excavaciones","potentialAction":[{"@type":"SearchAction","target":{"@type":"EntryPoint","urlTemplate":"https:\/\/sumex.com.es\/?s={search_term_string}"},"query-input":{"@type":"PropertyValueSpecification","valueRequired":true,"valueName":"search_term_string"}}],"inLanguage":"ca"}]}},"_links":{"self":[{"href":"https:\/\/sumex.com.es\/ca\/wp-json\/wp\/v2\/pages\/7378","targetHints":{"allow":["GET"]}}],"collection":[{"href":"https:\/\/sumex.com.es\/ca\/wp-json\/wp\/v2\/pages"}],"about":[{"href":"https:\/\/sumex.com.es\/ca\/wp-json\/wp\/v2\/types\/page"}],"author":[{"embeddable":true,"href":"https:\/\/sumex.com.es\/ca\/wp-json\/wp\/v2\/users\/4"}],"replies":[{"embeddable":true,"href":"https:\/\/sumex.com.es\/ca\/wp-json\/wp\/v2\/comments?post=7378"}],"version-history":[{"count":1,"href":"https:\/\/sumex.com.es\/ca\/wp-json\/wp\/v2\/pages\/7378\/revisions"}],"predecessor-version":[{"id":7379,"href":"https:\/\/sumex.com.es\/ca\/wp-json\/wp\/v2\/pages\/7378\/revisions\/7379"}],"wp:attachment":[{"href":"https:\/\/sumex.com.es\/ca\/wp-json\/wp\/v2\/media?parent=7378"}],"curies":[{"name":"wp","href":"https:\/\/api.w.org\/{rel}","templated":true}]}}