{"id":7122,"date":"2019-03-19T09:55:28","date_gmt":"2019-03-19T08:55:28","guid":{"rendered":"https:\/\/sumex.com.es\/novetats\/"},"modified":"2024-10-22T18:05:00","modified_gmt":"2024-10-22T16:05:00","slug":"novetats","status":"publish","type":"page","link":"https:\/\/sumex.com.es\/ca\/novetats\/","title":{"rendered":"Novetats"},"content":{"rendered":"<p><span>\n<div id=\"sb_instagram\"  class=\"sbi sbi_mob_col_1 sbi_tab_col_2 sbi_col_4 sbi_width_resp sbi-theme sbi-default_theme sbi-style-regular\" style=\"padding-bottom: 10px;width: 100%;\" data-post-style=\"regular\" data-feedid=\"sbi_27286703917640496#20\"  data-res=\"auto\" data-cols=\"4\" data-colsmobile=\"1\" data-colstablet=\"2\" data-num=\"20\" data-nummobile=\"\" data-header-size=\"small\" data-item-padding=\"5\" data-shortcode-atts=\"{}\"  data-postid=\"7122\" data-locatornonce=\"9d5c350681\" data-options=\"{&quot;grid&quot;:true,&quot;avatars&quot;:{&quot;sumex.igualada&quot;:&quot;&quot;,&quot;LCLsumex.igualada&quot;:0},&quot;lightboxcomments&quot;:20,&quot;colsmobile&quot;:1,&quot;colstablet&quot;:&quot;2&quot;}\" data-sbi-flags=\"gdpr\">\n\n\n    <div id=\"sbi_images\" style=\"gap: 10px;\">\n\t\t    <\/div>\n\n\t<div id=\"sbi_load\" >\n\n\t\n\t        <span class=\"sbi_follow_btn\">\n        <a href=\"https:\/\/www.instagram.com\/sumex.igualada\/\" target=\"_blank\" rel=\"nofollow noopener\">\n            <svg class=\"svg-inline--fa fa-instagram fa-w-14\" aria-hidden=\"true\" data-fa-processed=\"\" aria-label=\"Instagram\" data-prefix=\"fab\" data-icon=\"instagram\" role=\"img\" viewBox=\"0 0 448 512\">\n\t                <path fill=\"currentColor\" d=\"M224.1 141c-63.6 0-114.9 51.3-114.9 114.9s51.3 114.9 114.9 114.9S339 319.5 339 255.9 287.7 141 224.1 141zm0 189.6c-41.1 0-74.7-33.5-74.7-74.7s33.5-74.7 74.7-74.7 74.7 33.5 74.7 74.7-33.6 74.7-74.7 74.7zm146.4-194.3c0 14.9-12 26.8-26.8 26.8-14.9 0-26.8-12-26.8-26.8s12-26.8 26.8-26.8 26.8 12 26.8 26.8zm76.1 27.2c-1.7-35.9-9.9-67.7-36.2-93.9-26.2-26.2-58-34.4-93.9-36.2-37-2.1-147.9-2.1-184.9 0-35.8 1.7-67.6 9.9-93.9 36.1s-34.4 58-36.2 93.9c-2.1 37-2.1 147.9 0 184.9 1.7 35.9 9.9 67.7 36.2 93.9s58 34.4 93.9 36.2c37 2.1 147.9 2.1 184.9 0 35.9-1.7 67.7-9.9 93.9-36.2 26.2-26.2 34.4-58 36.2-93.9 2.1-37 2.1-147.8 0-184.8zM398.8 388c-7.8 19.6-22.9 34.7-42.6 42.6-29.5 11.7-99.5 9-132.1 9s-102.7 2.6-132.1-9c-19.6-7.8-34.7-22.9-42.6-42.6-11.7-29.5-9-99.5-9-132.1s-2.6-102.7 9-132.1c7.8-19.6 22.9-34.7 42.6-42.6 29.5-11.7 99.5-9 132.1-9s102.7-2.6 132.1 9c19.6 7.8 34.7 22.9 42.6 42.6 11.7 29.5 9 99.5 9 132.1s2.7 102.7-9 132.1z\"><\/path>\n\t            <\/svg>            <span>S\u00edguenos en Instagram<\/span>\n        <\/a>\n    <\/span>\n\t\n<\/div>\n\n\t    <span class=\"sbi_resized_image_data\" data-feed-id=\"sbi_27286703917640496#20\" data-resized=\"null\">\n\t<\/span>\n\t        <div id=\"sbi_mod_error\">\n            <span>This error message is only visible to WordPress admins<\/span><br \/>\n        <div><strong>There has been a problem with your Instagram Feed.<\/strong><\/div>        <\/div>\n        \n<\/div>\n\n<\/span><\/p>\n","protected":false},"excerpt":{"rendered":"S\u00edguenos en Instagram This error message is only visible to WordPress admins There has been a problem with your Instagram Feed.","protected":false},"author":4,"featured_media":0,"parent":0,"menu_order":0,"comment_status":"closed","ping_status":"closed","template":"","meta":{"_monsterinsights_skip_tracking":false,"_monsterinsights_sitenote_active":false,"_monsterinsights_sitenote_note":"","_monsterinsights_sitenote_category":0,"footnotes":""},"class_list":["post-7122","page","type-page","status-publish","hentry"],"yoast_head":"<!-- This site is optimized with the Yoast SEO plugin v25.4 - https:\/\/yoast.com\/wordpress\/plugins\/seo\/ -->\n<title>Novetats - SUMEX IGUALADA<\/title>\n<meta name=\"robots\" content=\"index, follow, max-snippet:-1, max-image-preview:large, max-video-preview:-1\" \/>\n<link rel=\"canonical\" href=\"https:\/\/sumex.com.es\/ca\/novetats\/\" \/>\n<meta property=\"og:locale\" content=\"ca_ES\" \/>\n<meta property=\"og:type\" content=\"article\" \/>\n<meta property=\"og:title\" content=\"Novetats - SUMEX IGUALADA\" \/>\n<meta property=\"og:url\" content=\"https:\/\/sumex.com.es\/ca\/novetats\/\" \/>\n<meta property=\"og:site_name\" content=\"SUMEX IGUALADA\" \/>\n<meta property=\"article:modified_time\" content=\"2024-10-22T16:05:00+00:00\" \/>\n<meta name=\"twitter:card\" content=\"summary_large_image\" \/>\n<meta name=\"twitter:label1\" content=\"Temps estimat de lectura\" \/>\n\t<meta name=\"twitter:data1\" content=\"1 minut\" \/>\n<script type=\"application\/ld+json\" class=\"yoast-schema-graph\">{\"@context\":\"https:\/\/schema.org\",\"@graph\":[{\"@type\":\"WebPage\",\"@id\":\"https:\/\/sumex.com.es\/ca\/novetats\/\",\"url\":\"https:\/\/sumex.com.es\/ca\/novetats\/\",\"name\":\"Novetats - SUMEX IGUALADA\",\"isPartOf\":{\"@id\":\"https:\/\/sumex.com.es\/#website\"},\"datePublished\":\"2019-03-19T08:55:28+00:00\",\"dateModified\":\"2024-10-22T16:05:00+00:00\",\"breadcrumb\":{\"@id\":\"https:\/\/sumex.com.es\/ca\/novetats\/#breadcrumb\"},\"inLanguage\":\"ca\",\"potentialAction\":[{\"@type\":\"ReadAction\",\"target\":[\"https:\/\/sumex.com.es\/ca\/novetats\/\"]}]},{\"@type\":\"BreadcrumbList\",\"@id\":\"https:\/\/sumex.com.es\/ca\/novetats\/#breadcrumb\",\"itemListElement\":[{\"@type\":\"ListItem\",\"position\":1,\"name\":\"Portada\",\"item\":\"https:\/\/sumex.com.es\/ca\/\"},{\"@type\":\"ListItem\",\"position\":2,\"name\":\"Novetats\"}]},{\"@type\":\"WebSite\",\"@id\":\"https:\/\/sumex.com.es\/#website\",\"url\":\"https:\/\/sumex.com.es\/\",\"name\":\"SUMEX IGUALADA\",\"description\":\"Ba\u00f1os, cocinas, cer\u00e1mica, construcci\u00f3n y reforma, ferreter\u00eda, exterior y excavaciones\",\"potentialAction\":[{\"@type\":\"SearchAction\",\"target\":{\"@type\":\"EntryPoint\",\"urlTemplate\":\"https:\/\/sumex.com.es\/?s={search_term_string}\"},\"query-input\":{\"@type\":\"PropertyValueSpecification\",\"valueRequired\":true,\"valueName\":\"search_term_string\"}}],\"inLanguage\":\"ca\"}]}<\/script>\n<!-- \/ Yoast SEO plugin. -->","yoast_head_json":{"title":"Novetats - SUMEX IGUALADA","robots":{"index":"index","follow":"follow","max-snippet":"max-snippet:-1","max-image-preview":"max-image-preview:large","max-video-preview":"max-video-preview:-1"},"canonical":"https:\/\/sumex.com.es\/ca\/novetats\/","og_locale":"ca_ES","og_type":"article","og_title":"Novetats - SUMEX IGUALADA","og_url":"https:\/\/sumex.com.es\/ca\/novetats\/","og_site_name":"SUMEX IGUALADA","article_modified_time":"2024-10-22T16:05:00+00:00","twitter_card":"summary_large_image","twitter_misc":{"Temps estimat de lectura":"1 minut"},"schema":{"@context":"https:\/\/schema.org","@graph":[{"@type":"WebPage","@id":"https:\/\/sumex.com.es\/ca\/novetats\/","url":"https:\/\/sumex.com.es\/ca\/novetats\/","name":"Novetats - SUMEX IGUALADA","isPartOf":{"@id":"https:\/\/sumex.com.es\/#website"},"datePublished":"2019-03-19T08:55:28+00:00","dateModified":"2024-10-22T16:05:00+00:00","breadcrumb":{"@id":"https:\/\/sumex.com.es\/ca\/novetats\/#breadcrumb"},"inLanguage":"ca","potentialAction":[{"@type":"ReadAction","target":["https:\/\/sumex.com.es\/ca\/novetats\/"]}]},{"@type":"BreadcrumbList","@id":"https:\/\/sumex.com.es\/ca\/novetats\/#breadcrumb","itemListElement":[{"@type":"ListItem","position":1,"name":"Portada","item":"https:\/\/sumex.com.es\/ca\/"},{"@type":"ListItem","position":2,"name":"Novetats"}]},{"@type":"WebSite","@id":"https:\/\/sumex.com.es\/#website","url":"https:\/\/sumex.com.es\/","name":"SUMEX IGUALADA","description":"Ba\u00f1os, cocinas, cer\u00e1mica, construcci\u00f3n y reforma, ferreter\u00eda, exterior y excavaciones","potentialAction":[{"@type":"SearchAction","target":{"@type":"EntryPoint","urlTemplate":"https:\/\/sumex.com.es\/?s={search_term_string}"},"query-input":{"@type":"PropertyValueSpecification","valueRequired":true,"valueName":"search_term_string"}}],"inLanguage":"ca"}]}},"_links":{"self":[{"href":"https:\/\/sumex.com.es\/ca\/wp-json\/wp\/v2\/pages\/7122","targetHints":{"allow":["GET"]}}],"collection":[{"href":"https:\/\/sumex.com.es\/ca\/wp-json\/wp\/v2\/pages"}],"about":[{"href":"https:\/\/sumex.com.es\/ca\/wp-json\/wp\/v2\/types\/page"}],"author":[{"embeddable":true,"href":"https:\/\/sumex.com.es\/ca\/wp-json\/wp\/v2\/users\/4"}],"replies":[{"embeddable":true,"href":"https:\/\/sumex.com.es\/ca\/wp-json\/wp\/v2\/comments?post=7122"}],"version-history":[{"count":3,"href":"https:\/\/sumex.com.es\/ca\/wp-json\/wp\/v2\/pages\/7122\/revisions"}],"predecessor-version":[{"id":7417,"href":"https:\/\/sumex.com.es\/ca\/wp-json\/wp\/v2\/pages\/7122\/revisions\/7417"}],"wp:attachment":[{"href":"https:\/\/sumex.com.es\/ca\/wp-json\/wp\/v2\/media?parent=7122"}],"curies":[{"name":"wp","href":"https:\/\/api.w.org\/{rel}","templated":true}]}}