{"id":7019,"date":"2019-02-05T11:41:30","date_gmt":"2019-02-05T10:41:30","guid":{"rendered":"https:\/\/sumex.com.es\/?page_id=7019"},"modified":"2019-03-05T11:23:19","modified_gmt":"2019-03-05T10:23:19","slug":"comercial","status":"publish","type":"page","link":"https:\/\/sumex.com.es\/ca\/comercial\/","title":{"rendered":"Comercial"},"content":{"rendered":"","protected":true},"excerpt":{"rendered":"","protected":true},"author":4,"featured_media":0,"parent":0,"menu_order":0,"comment_status":"closed","ping_status":"closed","template":"","meta":{"_monsterinsights_skip_tracking":false,"_monsterinsights_sitenote_active":false,"_monsterinsights_sitenote_note":"","_monsterinsights_sitenote_category":0,"footnotes":""},"class_list":["post-7019","page","type-page","status-publish","post-password-required","hentry"],"yoast_head":"<!-- This site is optimized with the Yoast SEO plugin v25.4 - https:\/\/yoast.com\/wordpress\/plugins\/seo\/ -->\n<title>SUMEX IGUALADA - Comercial<\/title>\n<meta name=\"description\" content=\"Apartat de gesti\u00f3 comercial\" \/>\n<meta name=\"robots\" content=\"noindex, nofollow\" \/>\n<meta property=\"og:locale\" content=\"ca_ES\" \/>\n<meta property=\"og:type\" content=\"article\" \/>\n<meta property=\"og:title\" content=\"SUMEX IGUALADA - Comercial\" \/>\n<meta property=\"og:description\" content=\"Apartat de gesti\u00f3 comercial\" \/>\n<meta property=\"og:url\" content=\"https:\/\/sumex.com.es\/ca\/comercial\/\" \/>\n<meta property=\"og:site_name\" content=\"SUMEX IGUALADA\" \/>\n<meta property=\"article:modified_time\" content=\"2019-03-05T10:23:19+00:00\" \/>\n<meta name=\"twitter:card\" content=\"summary_large_image\" \/>\n<meta name=\"twitter:label1\" content=\"Temps estimat de lectura\" \/>\n\t<meta name=\"twitter:data1\" content=\"1 minut\" \/>\n<script type=\"application\/ld+json\" class=\"yoast-schema-graph\">{\"@context\":\"https:\/\/schema.org\",\"@graph\":[{\"@type\":\"WebPage\",\"@id\":\"https:\/\/sumex.com.es\/ca\/comercial\/\",\"url\":\"https:\/\/sumex.com.es\/ca\/comercial\/\",\"name\":\"SUMEX IGUALADA - Comercial\",\"isPartOf\":{\"@id\":\"https:\/\/sumex.com.es\/#website\"},\"datePublished\":\"2019-02-05T10:41:30+00:00\",\"dateModified\":\"2019-03-05T10:23:19+00:00\",\"breadcrumb\":{\"@id\":\"https:\/\/sumex.com.es\/ca\/comercial\/#breadcrumb\"},\"inLanguage\":\"ca\"},{\"@type\":\"WebSite\",\"@id\":\"https:\/\/sumex.com.es\/#website\",\"url\":\"https:\/\/sumex.com.es\/\",\"name\":\"SUMEX IGUALADA\",\"description\":\"Ba\u00f1os, cocinas, cer\u00e1mica, construcci\u00f3n y reforma, ferreter\u00eda, exterior y excavaciones\",\"potentialAction\":[{\"@type\":\"SearchAction\",\"target\":{\"@type\":\"EntryPoint\",\"urlTemplate\":\"https:\/\/sumex.com.es\/?s={search_term_string}\"},\"query-input\":{\"@type\":\"PropertyValueSpecification\",\"valueRequired\":true,\"valueName\":\"search_term_string\"}}],\"inLanguage\":\"ca\"}]}<\/script>\n<!-- \/ Yoast SEO plugin. -->","yoast_head_json":{"title":"SUMEX IGUALADA - Comercial","description":"Apartat de gesti\u00f3 comercial","robots":{"index":"noindex","follow":"nofollow"},"og_locale":"ca_ES","og_type":"article","og_title":"SUMEX IGUALADA - Comercial","og_description":"Apartat de gesti\u00f3 comercial","og_url":"https:\/\/sumex.com.es\/ca\/comercial\/","og_site_name":"SUMEX IGUALADA","article_modified_time":"2019-03-05T10:23:19+00:00","twitter_card":"summary_large_image","twitter_misc":{"Temps estimat de lectura":"1 minut"},"schema":{"@context":"https:\/\/schema.org","@graph":[{"@type":"WebPage","@id":"https:\/\/sumex.com.es\/ca\/comercial\/","url":"https:\/\/sumex.com.es\/ca\/comercial\/","name":"SUMEX IGUALADA - Comercial","isPartOf":{"@id":"https:\/\/sumex.com.es\/#website"},"datePublished":"2019-02-05T10:41:30+00:00","dateModified":"2019-03-05T10:23:19+00:00","breadcrumb":{"@id":"https:\/\/sumex.com.es\/ca\/comercial\/#breadcrumb"},"inLanguage":"ca"},{"@type":"WebSite","@id":"https:\/\/sumex.com.es\/#website","url":"https:\/\/sumex.com.es\/","name":"SUMEX IGUALADA","description":"Ba\u00f1os, cocinas, cer\u00e1mica, construcci\u00f3n y reforma, ferreter\u00eda, exterior y excavaciones","potentialAction":[{"@type":"SearchAction","target":{"@type":"EntryPoint","urlTemplate":"https:\/\/sumex.com.es\/?s={search_term_string}"},"query-input":{"@type":"PropertyValueSpecification","valueRequired":true,"valueName":"search_term_string"}}],"inLanguage":"ca"}]}},"_links":{"self":[{"href":"https:\/\/sumex.com.es\/ca\/wp-json\/wp\/v2\/pages\/7019","targetHints":{"allow":["GET"]}}],"collection":[{"href":"https:\/\/sumex.com.es\/ca\/wp-json\/wp\/v2\/pages"}],"about":[{"href":"https:\/\/sumex.com.es\/ca\/wp-json\/wp\/v2\/types\/page"}],"author":[{"embeddable":true,"href":"https:\/\/sumex.com.es\/ca\/wp-json\/wp\/v2\/users\/4"}],"replies":[{"embeddable":true,"href":"https:\/\/sumex.com.es\/ca\/wp-json\/wp\/v2\/comments?post=7019"}],"version-history":[{"count":5,"href":"https:\/\/sumex.com.es\/ca\/wp-json\/wp\/v2\/pages\/7019\/revisions"}],"predecessor-version":[{"id":7116,"href":"https:\/\/sumex.com.es\/ca\/wp-json\/wp\/v2\/pages\/7019\/revisions\/7116"}],"wp:attachment":[{"href":"https:\/\/sumex.com.es\/ca\/wp-json\/wp\/v2\/media?parent=7019"}],"curies":[{"name":"wp","href":"https:\/\/api.w.org\/{rel}","templated":true}]}}