{"id":5945,"date":"2018-11-27T11:32:23","date_gmt":"2018-11-27T10:32:23","guid":{"rendered":"https:\/\/sumex.com.es\/?page_id=5945"},"modified":"2023-03-26T17:35:14","modified_gmt":"2023-03-26T15:35:14","slug":"empresa","status":"publish","type":"page","link":"https:\/\/sumex.com.es\/ca\/empresa\/","title":{"rendered":"Empresa"},"content":{"rendered":"<section class=\"l-section wpb_row height_small width_full color_custom\"><div class=\"l-section-h i-cf\"><div class=\"g-cols vc_row via_flex valign_middle type_default stacking_default\"><div class=\"vc_col-sm-12 wpb_column vc_column_container\"><div class=\"vc_column-inner\"><div class=\"wpb_wrapper\"><div class=\"wpb_text_column us_custom_520eb8d9\"><div class=\"wpb_wrapper\"><h3 style=\"text-align: center;\"><strong>EMPRESA<\/strong><\/h3>\n<\/div><\/div><\/div><\/div><\/div><\/div><\/div><\/section><section class=\"l-section wpb_row height_small color_alternate\"><div class=\"l-section-h i-cf\"><div class=\"g-cols vc_row via_flex valign_middle type_boxes stacking_default\"><div class=\"vc_col-sm-12 wpb_column vc_column_container us_animate_afl\"><div class=\"vc_column-inner us_custom_aaa7b1bd\"><div class=\"wpb_wrapper\"><div class=\"wpb_text_column\"><div class=\"wpb_wrapper\"><h2 style=\"text-align: center;\">Benvinguts a Sumex<\/h2>\n<\/div><\/div><div class=\"wpb_text_column\"><div class=\"wpb_wrapper\"><h6 style=\"text-align: center;\">Una empresa de car\u00e0cter familiar amb m\u00e9s de 50 anys d&#8217;experi\u00e8ncia<\/h6>\n<\/div><\/div><div class=\"w-image us_custom_ccb6010d style_shadow-1 align_center us_animate_afc\"><div class=\"w-image-h\"><img decoding=\"async\" width=\"1600\" height=\"587\" src=\"https:\/\/sumex.com.es\/wp-content\/uploads\/2017\/12\/portada-llarga-vella.jpg\" class=\"attachment-full size-full\" alt=\"\" loading=\"lazy\" srcset=\"https:\/\/sumex.com.es\/wp-content\/uploads\/2017\/12\/portada-llarga-vella.jpg 1600w, https:\/\/sumex.com.es\/wp-content\/uploads\/2017\/12\/portada-llarga-vella-300x110.jpg 300w, https:\/\/sumex.com.es\/wp-content\/uploads\/2017\/12\/portada-llarga-vella-768x282.jpg 768w, https:\/\/sumex.com.es\/wp-content\/uploads\/2017\/12\/portada-llarga-vella-1024x376.jpg 1024w, https:\/\/sumex.com.es\/wp-content\/uploads\/2017\/12\/portada-llarga-vella-600x220.jpg 600w\" sizes=\"auto, (max-width: 1600px) 100vw, 1600px\" \/><\/div><\/div><\/div><\/div><\/div><\/div><\/div><\/section><!-- Row Backgrounds --><div class=\"upb_color\" data-bg-override=\"full\" data-bg-color=\"#ffffff\" data-fadeout=\"\" data-fadeout-percentage=\"30\" data-parallax-content=\"\" data-parallax-content-sense=\"30\" data-row-effect-mobile-disable=\"true\" data-img-parallax-mobile-disable=\"true\" data-rtl=\"false\"  data-custom-vc-row=\"\"  data-vc=\"8.3.1\"  data-is_old_vc=\"\"  data-theme-support=\"\"   data-overlay=\"false\" data-overlay-color=\"\" data-overlay-pattern=\"\" data-overlay-pattern-opacity=\"\" data-overlay-pattern-size=\"\"    ><\/div><section class=\"l-section wpb_row height_medium\"><div class=\"l-section-h i-cf\"><div class=\"g-cols vc_row via_flex valign_top type_default stacking_default\"><div class=\"vc_col-sm-4 wpb_column vc_column_container us_animate_aft\"><div class=\"vc_column-inner us_custom_6034b589\"><div class=\"wpb_wrapper\"><div class=\"wpb_text_column\"><div class=\"wpb_wrapper\"><h2 class=\"p1\" style=\"text-align: center;\"><span class=\"s1\">Excavacions <\/span><\/h2>\n<\/div><\/div><div class=\"wpb_text_column us_custom_66e2499a\"><div class=\"wpb_wrapper\"><h2 class=\"p1\" style=\"text-align: center;\">i enderrocs<\/h2>\n<\/div><\/div><div class=\"wpb_text_column us_custom_e518231d\"><div class=\"wpb_wrapper\"><p class=\"p1\" style=\"text-align: center;\">Ens dediquem al moviment de terres aix\u00ed com a les excavacions i enderrocs.<\/p>\n<\/div><\/div><\/div><\/div><\/div><div class=\"vc_col-sm-4 wpb_column vc_column_container us_animate_aft\"><div class=\"vc_column-inner us_custom_88efb025\"><div class=\"wpb_wrapper\"><div class=\"wpb_text_column\"><div class=\"wpb_wrapper\"><h2 class=\"p1\" style=\"text-align: center;\"><span class=\"s1\">Materials de <\/span><\/h2>\n<\/div><\/div><div class=\"wpb_text_column us_custom_a4791e3a\"><div class=\"wpb_wrapper\"><h2 class=\"p1\" style=\"text-align: center;\"><span class=\"s1\">construcci\u00f3<\/span><\/h2>\n<\/div><\/div><div class=\"wpb_text_column us_custom_2db84fb8\"><div class=\"wpb_wrapper\"><p class=\"p1\" style=\"text-align: center;\">Oferim tot tipus de productes per a la construcci\u00f3 i la reforma.<\/p>\n<\/div><\/div><\/div><\/div><\/div><div class=\"vc_col-sm-4 wpb_column vc_column_container us_animate_aft\"><div class=\"vc_column-inner us_custom_c92280df\"><div class=\"wpb_wrapper\"><div class=\"wpb_text_column\"><div class=\"wpb_wrapper\"><h2 class=\"p1\" style=\"text-align: center;\"><span class=\"s1\">Exposici\u00f3<\/span><\/h2>\n<\/div><\/div><div class=\"wpb_text_column us_custom_ce71e581\"><div class=\"wpb_wrapper\"><h2 class=\"p1\" style=\"text-align: center;\"><span class=\"s1\">d&#8217;interiors<\/span><\/h2>\n<\/div><\/div><div class=\"wpb_text_column us_custom_b5d45176\"><div class=\"wpb_wrapper\"><p class=\"p1\" style=\"text-align: center;\">Una acurada exposici\u00f3 de banys i cuines amb diferents ambients i estils.<\/p>\n<\/div><\/div><\/div><\/div><\/div><\/div><\/div><\/section><!-- Row Backgrounds --><div class=\"upb_color\" data-bg-override=\"0\" data-bg-color=\"#ffe200\" data-fadeout=\"\" data-fadeout-percentage=\"30\" data-parallax-content=\"\" data-parallax-content-sense=\"30\" data-row-effect-mobile-disable=\"true\" data-img-parallax-mobile-disable=\"true\" data-rtl=\"false\"  data-custom-vc-row=\"\"  data-vc=\"8.3.1\"  data-is_old_vc=\"\"  data-theme-support=\"\"   data-overlay=\"false\" data-overlay-color=\"\" data-overlay-pattern=\"\" data-overlay-pattern-opacity=\"\" data-overlay-pattern-size=\"\"    ><\/div><section class=\"l-section wpb_row height_medium\"><div class=\"l-section-h i-cf\"><div class=\"g-cols vc_row via_flex valign_top type_default stacking_default\"><div class=\"vc_col-sm-12 wpb_column vc_column_container\"><div class=\"vc_column-inner us_custom_a61e896d\"><div class=\"wpb_wrapper\">[vc_custom_heading text=&#8221;Passat, present i futur d&#8217;una gran companyia&#8221; font_container=&#8221;tag:h2|text_align:center&#8221; use_theme_fonts=&#8221;yes&#8221;]<div class=\"wpb_text_column\"><div class=\"wpb_wrapper\"><p class=\"p1\" style=\"text-align: center;\">Avui \u00e9s la segona generaci\u00f3 qui continua la tradici\u00f3 i ha fet seva la filosofia de la companyia:<\/p>\n<\/div><\/div><div class=\"wpb_text_column\"><div class=\"wpb_wrapper\"><blockquote>\n<h5 class=\"p1\" style=\"text-align: center;\"><strong><span class=\"s1\">treballar per aconseguir la m\u00e0xima satisfacci\u00f3 de tots els seus clients.<\/span><\/strong><\/h5>\n<\/blockquote>\n<\/div><\/div><div class=\"w-separator size_custom\" style=\"height:20px\"><\/div><div class=\"w-image us_custom_bb24c831 style_shadow-1 align_center\"><div class=\"w-image-h\"><img decoding=\"async\" width=\"1600\" height=\"587\" src=\"https:\/\/sumex.com.es\/wp-content\/uploads\/2017\/12\/Flota_02.jpg\" class=\"attachment-full size-full\" alt=\"\" loading=\"lazy\" srcset=\"https:\/\/sumex.com.es\/wp-content\/uploads\/2017\/12\/Flota_02.jpg 1600w, https:\/\/sumex.com.es\/wp-content\/uploads\/2017\/12\/Flota_02-300x110.jpg 300w, https:\/\/sumex.com.es\/wp-content\/uploads\/2017\/12\/Flota_02-768x282.jpg 768w, https:\/\/sumex.com.es\/wp-content\/uploads\/2017\/12\/Flota_02-1024x376.jpg 1024w, https:\/\/sumex.com.es\/wp-content\/uploads\/2017\/12\/Flota_02-600x220.jpg 600w\" sizes=\"auto, (max-width: 1600px) 100vw, 1600px\" \/><\/div><\/div><div class=\"w-separator size_custom\" style=\"height:30px\"><\/div><div class=\"g-cols wpb_row via_flex valign_top type_default stacking_default\"><div class=\"vc_col-sm-6 wpb_column vc_column_container\"><div class=\"vc_column-inner us_custom_2f52b3b9\"><div class=\"wpb_wrapper\"><div class=\"wpb_text_column\"><div class=\"wpb_wrapper\"><p class=\"p1\" style=\"text-align: justify;\">Oferim un<strong> tracte personalitzat<\/strong> i<strong> servei integral a mida<\/strong>, des de la contractaci\u00f3 del moviment de terres fins a l&#8217;acabat dels interiors.<\/p>\n<\/div><\/div><div class=\"wpb_text_column\"><div class=\"wpb_wrapper\"><p class=\"p1\" style=\"text-align: justify;\">Tot el que necessites per a la realitzaci\u00f3 dels teus projectes, amb un equip de professionals que t&#8217;assessorar\u00e0 entre la nostra <strong>\u00e0mplia gamma de productes<\/strong>, sempre de m\u00e0xima qualitat per <strong>satisfer les teves expectatives<\/strong>.<\/p>\n<\/div><\/div><div class=\"wpb_text_column\"><div class=\"wpb_wrapper\"><p class=\"p1\" style=\"text-align: justify;\">Disposem de <strong>flota pr\u00f2pia<\/strong> d&#8217;excavadores, camions, bolquets i grues, que ens permet oferir un <strong>servei de transport i log\u00edstica<\/strong> d&#8217;acord a les necessitats de cadascun dels nostres clients.<\/p>\n<\/div><\/div><\/div><\/div><\/div><div class=\"vc_col-sm-6 wpb_column vc_column_container\"><div class=\"vc_column-inner us_custom_cecd0fe7\"><div class=\"wpb_wrapper\"><div class=\"w-progbar initial style_1 color_primary hide_count\" onclick='return {&quot;template&quot;:&quot;100%&quot;,&quot;value&quot;:&quot;100&quot;,&quot;finalValue&quot;:&quot;100&quot;}'><h6 class=\"w-progbar-title\" style=\"font-size:1rem;\"><span class=\"w-progbar-title-text\">Tracte personalitzat i servei integral<\/span><span class=\"w-progbar-title-count\">100%<\/span><\/h6><div class=\"w-progbar-bar\"><div class=\"w-progbar-bar-h\" style=\"height:10px;\"><span class=\"w-progbar-bar-count\">100%<\/span><\/div><\/div><\/div><div class=\"w-progbar initial style_1 color_primary hide_count\" onclick='return {&quot;template&quot;:&quot;100%&quot;,&quot;value&quot;:&quot;100&quot;,&quot;finalValue&quot;:&quot;100&quot;}'><h6 class=\"w-progbar-title\" style=\"font-size:1rem;\"><span class=\"w-progbar-title-text\">Assessorament professional<\/span><span class=\"w-progbar-title-count\">100%<\/span><\/h6><div class=\"w-progbar-bar\"><div class=\"w-progbar-bar-h\" style=\"height:10px;\"><span class=\"w-progbar-bar-count\">100%<\/span><\/div><\/div><\/div><div class=\"w-progbar initial style_1 color_primary hide_count\" onclick='return {&quot;template&quot;:&quot;100%&quot;,&quot;value&quot;:&quot;100&quot;,&quot;finalValue&quot;:&quot;100&quot;}'><h6 class=\"w-progbar-title\" style=\"font-size:1rem;\"><span class=\"w-progbar-title-text\">Productes de marques l\u00edders i m\u00e0xima qualitat<\/span><span class=\"w-progbar-title-count\">100%<\/span><\/h6><div class=\"w-progbar-bar\"><div class=\"w-progbar-bar-h\" style=\"height:10px;\"><span class=\"w-progbar-bar-count\">100%<\/span><\/div><\/div><\/div><div class=\"w-progbar initial style_1 color_primary hide_count\" onclick='return {&quot;template&quot;:&quot;100%&quot;,&quot;value&quot;:&quot;100&quot;,&quot;finalValue&quot;:&quot;100&quot;}'><h6 class=\"w-progbar-title\" style=\"font-size:1rem;\"><span class=\"w-progbar-title-text\">Flota pr\u00f2pia de transport i log\u00edstica<\/span><span class=\"w-progbar-title-count\">100%<\/span><\/h6><div class=\"w-progbar-bar\"><div class=\"w-progbar-bar-h\" style=\"height:10px;\"><span class=\"w-progbar-bar-count\">100%<\/span><\/div><\/div><\/div><\/div><\/div><\/div><\/div><div class=\"w-separator size_custom\" style=\"height:30px\"><\/div><div class=\"wpb_text_column\"><div class=\"wpb_wrapper\"><p class=\"p1\" style=\"text-align: center;\">T&#8217;ajudem a vestir les llars, les oficines, les empreses, creant llocs agradables i amb personalitat pr\u00f2pia.<\/p>\n<\/div><\/div><div class=\"wpb_text_column\"><div class=\"wpb_wrapper\"><blockquote>\n<h5 class=\"p1\" style=\"text-align: center;\"><strong><span class=\"s1\">A\u00a0Sumex no venem serveis, venem solucions<\/span><\/strong><\/h5>\n<\/blockquote>\n<\/div><\/div><\/div><\/div><\/div><\/div><\/div><\/section><!-- Row Backgrounds --><div class=\"upb_color\" data-bg-override=\"0\" data-bg-color=\"\" data-fadeout=\"\" data-fadeout-percentage=\"30\" data-parallax-content=\"\" data-parallax-content-sense=\"30\" data-row-effect-mobile-disable=\"true\" data-img-parallax-mobile-disable=\"true\" data-rtl=\"false\"  data-custom-vc-row=\"\"  data-vc=\"8.3.1\"  data-is_old_vc=\"\"  data-theme-support=\"\"   data-overlay=\"false\" data-overlay-color=\"\" data-overlay-pattern=\"\" data-overlay-pattern-opacity=\"\" data-overlay-pattern-size=\"\"    ><\/div><section class=\"l-section wpb_row height_small color_alternate\"><div class=\"l-section-h i-cf\"><div class=\"g-cols vc_row via_flex valign_middle type_boxes stacking_default\"><div class=\"vc_col-sm-12 wpb_column vc_column_container\"><div class=\"vc_column-inner\"><div class=\"wpb_wrapper\"><div class=\"wpb_text_column\"><div class=\"wpb_wrapper\"><h2 style=\"text-align: center;\">Les nostres instal\u00b7lacions<\/h2>\n<\/div><\/div><div class=\"w-separator size_small with_line width_default thick_1 style_solid color_border align_center\"><div class=\"w-separator-h\"><\/div><\/div><div class=\"w-separator size_custom\" style=\"height:10px\"><\/div><div class=\"g-cols wpb_row via_flex valign_top type_default stacking_default\"><div class=\"vc_col-sm-6 wpb_column vc_column_container\"><div class=\"vc_column-inner\"><div class=\"wpb_wrapper\"><div class=\"w-image style_shadow-1 align_center\"><div class=\"w-image-h\"><img decoding=\"async\" width=\"1024\" height=\"685\" src=\"https:\/\/sumex.com.es\/wp-content\/uploads\/2017\/12\/Fachada_02-1024x685.jpg\" class=\"attachment-large size-large\" alt=\"\" loading=\"lazy\" srcset=\"https:\/\/sumex.com.es\/wp-content\/uploads\/2017\/12\/Fachada_02-1024x685.jpg 1024w, https:\/\/sumex.com.es\/wp-content\/uploads\/2017\/12\/Fachada_02-300x201.jpg 300w, https:\/\/sumex.com.es\/wp-content\/uploads\/2017\/12\/Fachada_02-768x514.jpg 768w, https:\/\/sumex.com.es\/wp-content\/uploads\/2017\/12\/Fachada_02-600x400.jpg 600w, https:\/\/sumex.com.es\/wp-content\/uploads\/2017\/12\/Fachada_02.jpg 1600w\" sizes=\"auto, (max-width: 1024px) 100vw, 1024px\" \/><\/div><\/div><\/div><\/div><\/div><div class=\"vc_col-sm-6 wpb_column vc_column_container\"><div class=\"vc_column-inner\"><div class=\"wpb_wrapper\"><div class=\"w-separator size_custom\" style=\"height:25px\"><\/div><div class=\"w-counter color_heading align_left\" data-duration=\"2\"><div class=\"w-counter-value\"><span class=\"w-counter-value-part type_text\" data-final=\"Infraestructura de \">Infraestructura de <\/span><span class=\"w-counter-value-part type_number\" data-final=\"10000\">0<\/span><span class=\"w-counter-value-part type_text\" data-final=\"m\">m<\/span><span class=\"w-counter-value-part type_number\" data-final=\"2\">2<\/span><span class=\"w-counter-value-part type_text\" data-final=\"\"><\/span><\/div><\/div><div class=\"w-separator size_custom\" style=\"height:25px\"><\/div><div class=\"wpb_text_column\"><div class=\"wpb_wrapper\"><p style=\"text-align: justify;\">Disposem un magatzem de m\u00e9s 10.000 m2 per a oferir un servei integral i que els nostres clients trobin tot el que necessiten.<\/p>\n<\/div><\/div><div class=\"w-separator size_small with_line width_default thick_1 style_solid color_border align_center\"><div class=\"w-separator-h\"><\/div><\/div><div class=\"w-counter color_heading align_left\" data-duration=\"2\"><div class=\"w-counter-value\"><span class=\"w-counter-value-part type_text\" data-final=\"Botiga i exposici\u00f3 de \">Botiga i exposici\u00f3 de <\/span><span class=\"w-counter-value-part type_number\" data-final=\"800m\">0m<\/span><span class=\"w-counter-value-part type_text\" data-final=\"\"><\/span><span class=\"w-counter-value-part type_number\" data-final=\"2\">2<\/span><span class=\"w-counter-value-part type_text\" data-final=\"\"><\/span><\/div><\/div><div class=\"w-separator size_custom\" style=\"height:25px\"><\/div><div class=\"wpb_text_column\"><div class=\"wpb_wrapper\"><p class=\"p1\" style=\"text-align: justify;\">M\u00e9s de 800 m2 destinats a botiga, amb una acurada exposici\u00f3 de cuines, banys, paviments, revestiments i aixetes.<\/p>\n<\/div><\/div><\/div><\/div><\/div><\/div><div class=\"w-separator size_custom\" style=\"height:40px\"><\/div><\/div><\/div><\/div><\/div><\/div><\/section>\n","protected":false},"excerpt":{"rendered":"EMPRESA Benvinguts a Sumex Una empresa de car\u00e0cter familiar amb m\u00e9s de 50 anys d&#8217;experi\u00e8ncia Excavacions i enderrocs Ens dediquem al moviment de terres aix\u00ed com a les excavacions i enderrocs. Materials de construcci\u00f3 Oferim tot tipus de productes per a la construcci\u00f3 i la reforma. Exposici\u00f3 d&#8217;interiors Una acurada exposici\u00f3 de banys i cuines...","protected":false},"author":4,"featured_media":0,"parent":0,"menu_order":0,"comment_status":"closed","ping_status":"closed","template":"","meta":{"_monsterinsights_skip_tracking":false,"_monsterinsights_sitenote_active":false,"_monsterinsights_sitenote_note":"","_monsterinsights_sitenote_category":0,"footnotes":""},"class_list":["post-5945","page","type-page","status-publish","hentry"],"yoast_head":"<!-- This site is optimized with the Yoast SEO plugin v25.4 - https:\/\/yoast.com\/wordpress\/plugins\/seo\/ -->\n<title>SUMEX IGUALADA - Empresa<\/title>\n<meta name=\"description\" content=\"Exposici\u00f3 de banys, cuines, cer\u00e0mica, venda de materials de construcci\u00f3 i excavacions. Amb la garantia d&#039;una empresa amb m\u00e9s de 25 anys d&#039;experi\u00e8ncia\" \/>\n<meta name=\"robots\" content=\"index, follow, max-snippet:-1, max-image-preview:large, max-video-preview:-1\" \/>\n<link rel=\"canonical\" href=\"https:\/\/sumex.com.es\/ca\/empresa\/\" \/>\n<meta property=\"og:locale\" content=\"ca_ES\" \/>\n<meta property=\"og:type\" content=\"article\" \/>\n<meta property=\"og:title\" content=\"SUMEX IGUALADA - Empresa\" \/>\n<meta property=\"og:description\" content=\"Exposici\u00f3 de banys, cuines, cer\u00e0mica, venda de materials de construcci\u00f3 i excavacions. Amb la garantia d&#039;una empresa amb m\u00e9s de 25 anys d&#039;experi\u00e8ncia\" \/>\n<meta property=\"og:url\" content=\"https:\/\/sumex.com.es\/ca\/empresa\/\" \/>\n<meta property=\"og:site_name\" content=\"SUMEX IGUALADA\" \/>\n<meta property=\"article:modified_time\" content=\"2023-03-26T15:35:14+00:00\" \/>\n<meta name=\"twitter:card\" content=\"summary_large_image\" \/>\n<meta name=\"twitter:label1\" content=\"Temps estimat de lectura\" \/>\n\t<meta name=\"twitter:data1\" content=\"5 minuts\" \/>\n<script type=\"application\/ld+json\" class=\"yoast-schema-graph\">{\"@context\":\"https:\/\/schema.org\",\"@graph\":[{\"@type\":\"WebPage\",\"@id\":\"https:\/\/sumex.com.es\/ca\/empresa\/\",\"url\":\"https:\/\/sumex.com.es\/ca\/empresa\/\",\"name\":\"SUMEX IGUALADA - Empresa\",\"isPartOf\":{\"@id\":\"https:\/\/sumex.com.es\/#website\"},\"datePublished\":\"2018-11-27T10:32:23+00:00\",\"dateModified\":\"2023-03-26T15:35:14+00:00\",\"description\":\"Exposici\u00f3 de banys, cuines, cer\u00e0mica, venda de materials de construcci\u00f3 i excavacions. Amb la garantia d'una empresa amb m\u00e9s de 25 anys d'experi\u00e8ncia\",\"breadcrumb\":{\"@id\":\"https:\/\/sumex.com.es\/ca\/empresa\/#breadcrumb\"},\"inLanguage\":\"ca\",\"potentialAction\":[{\"@type\":\"ReadAction\",\"target\":[\"https:\/\/sumex.com.es\/ca\/empresa\/\"]}]},{\"@type\":\"BreadcrumbList\",\"@id\":\"https:\/\/sumex.com.es\/ca\/empresa\/#breadcrumb\",\"itemListElement\":[{\"@type\":\"ListItem\",\"position\":1,\"name\":\"Portada\",\"item\":\"https:\/\/sumex.com.es\/ca\/\"},{\"@type\":\"ListItem\",\"position\":2,\"name\":\"Empresa\"}]},{\"@type\":\"WebSite\",\"@id\":\"https:\/\/sumex.com.es\/#website\",\"url\":\"https:\/\/sumex.com.es\/\",\"name\":\"SUMEX IGUALADA\",\"description\":\"Ba\u00f1os, cocinas, cer\u00e1mica, construcci\u00f3n y reforma, ferreter\u00eda, exterior y excavaciones\",\"potentialAction\":[{\"@type\":\"SearchAction\",\"target\":{\"@type\":\"EntryPoint\",\"urlTemplate\":\"https:\/\/sumex.com.es\/?s={search_term_string}\"},\"query-input\":{\"@type\":\"PropertyValueSpecification\",\"valueRequired\":true,\"valueName\":\"search_term_string\"}}],\"inLanguage\":\"ca\"}]}<\/script>\n<!-- \/ Yoast SEO plugin. -->","yoast_head_json":{"title":"SUMEX IGUALADA - Empresa","description":"Exposici\u00f3 de banys, cuines, cer\u00e0mica, venda de materials de construcci\u00f3 i excavacions. Amb la garantia d'una empresa amb m\u00e9s de 25 anys d'experi\u00e8ncia","robots":{"index":"index","follow":"follow","max-snippet":"max-snippet:-1","max-image-preview":"max-image-preview:large","max-video-preview":"max-video-preview:-1"},"canonical":"https:\/\/sumex.com.es\/ca\/empresa\/","og_locale":"ca_ES","og_type":"article","og_title":"SUMEX IGUALADA - Empresa","og_description":"Exposici\u00f3 de banys, cuines, cer\u00e0mica, venda de materials de construcci\u00f3 i excavacions. Amb la garantia d'una empresa amb m\u00e9s de 25 anys d'experi\u00e8ncia","og_url":"https:\/\/sumex.com.es\/ca\/empresa\/","og_site_name":"SUMEX IGUALADA","article_modified_time":"2023-03-26T15:35:14+00:00","twitter_card":"summary_large_image","twitter_misc":{"Temps estimat de lectura":"5 minuts"},"schema":{"@context":"https:\/\/schema.org","@graph":[{"@type":"WebPage","@id":"https:\/\/sumex.com.es\/ca\/empresa\/","url":"https:\/\/sumex.com.es\/ca\/empresa\/","name":"SUMEX IGUALADA - Empresa","isPartOf":{"@id":"https:\/\/sumex.com.es\/#website"},"datePublished":"2018-11-27T10:32:23+00:00","dateModified":"2023-03-26T15:35:14+00:00","description":"Exposici\u00f3 de banys, cuines, cer\u00e0mica, venda de materials de construcci\u00f3 i excavacions. Amb la garantia d'una empresa amb m\u00e9s de 25 anys d'experi\u00e8ncia","breadcrumb":{"@id":"https:\/\/sumex.com.es\/ca\/empresa\/#breadcrumb"},"inLanguage":"ca","potentialAction":[{"@type":"ReadAction","target":["https:\/\/sumex.com.es\/ca\/empresa\/"]}]},{"@type":"BreadcrumbList","@id":"https:\/\/sumex.com.es\/ca\/empresa\/#breadcrumb","itemListElement":[{"@type":"ListItem","position":1,"name":"Portada","item":"https:\/\/sumex.com.es\/ca\/"},{"@type":"ListItem","position":2,"name":"Empresa"}]},{"@type":"WebSite","@id":"https:\/\/sumex.com.es\/#website","url":"https:\/\/sumex.com.es\/","name":"SUMEX IGUALADA","description":"Ba\u00f1os, cocinas, cer\u00e1mica, construcci\u00f3n y reforma, ferreter\u00eda, exterior y excavaciones","potentialAction":[{"@type":"SearchAction","target":{"@type":"EntryPoint","urlTemplate":"https:\/\/sumex.com.es\/?s={search_term_string}"},"query-input":{"@type":"PropertyValueSpecification","valueRequired":true,"valueName":"search_term_string"}}],"inLanguage":"ca"}]}},"_links":{"self":[{"href":"https:\/\/sumex.com.es\/ca\/wp-json\/wp\/v2\/pages\/5945","targetHints":{"allow":["GET"]}}],"collection":[{"href":"https:\/\/sumex.com.es\/ca\/wp-json\/wp\/v2\/pages"}],"about":[{"href":"https:\/\/sumex.com.es\/ca\/wp-json\/wp\/v2\/types\/page"}],"author":[{"embeddable":true,"href":"https:\/\/sumex.com.es\/ca\/wp-json\/wp\/v2\/users\/4"}],"replies":[{"embeddable":true,"href":"https:\/\/sumex.com.es\/ca\/wp-json\/wp\/v2\/comments?post=5945"}],"version-history":[{"count":21,"href":"https:\/\/sumex.com.es\/ca\/wp-json\/wp\/v2\/pages\/5945\/revisions"}],"predecessor-version":[{"id":7294,"href":"https:\/\/sumex.com.es\/ca\/wp-json\/wp\/v2\/pages\/5945\/revisions\/7294"}],"wp:attachment":[{"href":"https:\/\/sumex.com.es\/ca\/wp-json\/wp\/v2\/media?parent=5945"}],"curies":[{"name":"wp","href":"https:\/\/api.w.org\/{rel}","templated":true}]}}