{"id":4333,"date":"2017-03-16T17:41:35","date_gmt":"2017-03-16T17:41:35","guid":{"rendered":"https:\/\/sumex.com.es\/productos-tienda\/"},"modified":"2023-03-26T17:47:38","modified_gmt":"2023-03-26T15:47:38","slug":"serveis","status":"publish","type":"page","link":"https:\/\/sumex.com.es\/ca\/serveis\/","title":{"rendered":"Serveis"},"content":{"rendered":"<section class=\"l-section wpb_row height_small width_full color_custom\"><div class=\"l-section-h i-cf\"><div class=\"g-cols vc_row via_flex valign_middle type_default stacking_default\"><div class=\"vc_col-sm-12 wpb_column vc_column_container\"><div class=\"vc_column-inner\"><div class=\"wpb_wrapper\"><div class=\"wpb_text_column us_custom_56951436\"><div class=\"wpb_wrapper\"><h3 style=\"text-align: center;\"><strong>SERVEIS<\/strong><\/h3>\n<\/div><\/div><\/div><\/div><\/div><\/div><\/div><\/section><section class=\"l-section wpb_row height_small\"><div class=\"l-section-h i-cf\"><div class=\"g-cols vc_row via_flex valign_top type_default stacking_default\"><div class=\"vc_col-sm-12 wpb_column vc_column_container\"><div class=\"vc_column-inner\"><div class=\"wpb_wrapper\"><div class=\"w-separator size_custom\" style=\"height:25px\"><\/div>[vc_custom_heading text=&#8221;Els nostres serveis professionals t&#8217;estalviaran temps i diners&#8221; font_container=&#8221;tag:h4|text_align:center&#8221; use_theme_fonts=&#8221;yes&#8221;]<div class=\"w-separator size_custom\" style=\"height:32px\"><\/div><div class=\"ult-ih-container ult-adjust-bottom-margin  \" >\t<ul class=\"ult-ih-list \"  data-shape=\"square\"  data-width=\"190\"  data-height=\"190\"  style=\"text-align:center; \"><li id=\"ult-ih-list-item-2453\" class=\"ult-ih-list-item\" style=\"height: 190px; width: 190px;  margin: 2.5px\"><div style=\"height: 190px; width: 190px; \" class=\"ult-ih-item ult-ih-effect1    ult-ih-top_to_bottom \"><div class=\"ult-ih-image-block\" style=\"height: 190px; width: 190px; \">\t<div class=\"ult-ih-wrapper\" style=\"border-style: solid; border-color: rgba(255,255,255,0.2); border-width: 2px;\"><\/div>\t<img decoding=\"async\" class=\"ult-ih-image\" src=\"https:\/\/sumex.com.es\/wp-content\/uploads\/2018\/11\/sumex-servicios-aparcamiento.jpg\" alt=\"null\"><\/div><div class=\"ult-ih-info\" >\t<div class=\"ult-ih-info-back\" style=\"background-color: rgba(0,0,0,0.75); \">\t<div class=\"ult-ih-content\">\t\t\t<div class=\"ult-ih-heading-block\" style=\"\">\t\t\t\t<h3 class=\"ult-ih-heading ult-responsive\" style=\"color:#ffffff;\"  data-ultimate-target='#ult-ih-list-item-2453 .ult-ih-heading'  data-responsive-json-new='{\"font-size\":\"desktop:22px;\",\"line-height\":\"desktop:28px;\"}' >Parking<\/h3>\t\t\t<\/div>\t\t\t<div class=\"ult-ih-divider-block\" style=\"height:1px;\">\t\t\t\t<span class=\"ult-ih-line\" style=\"border-style:solid;border-color:rgba(255,255,255,0.75);width:100px;border-width:1px;\"><\/span>\t\t\t<\/div>\t\t\t<div class=\"ult-ih-description-block\" style=\"\">\t\t\t\t<div class=\"ult-ih-description ult-responsive\" style=\"color:#bbbbbb;\"  data-ultimate-target='#ult-ih-list-item-2453 .ult-ih-description, #ult-ih-list-item-2453 .ult-ih-description p'  data-responsive-json-new='{\"font-size\":\"desktop:12px;\",\"line-height\":\"desktop:18px;\"}' ><p>Aparcament pr\u00e0ctic i adaptat a tot tipus de vehicles professionals.<\/p>\n\t\t\t\t<\/div>\t\t\t<\/div>\t<\/div>\t<\/div><\/div><\/div><\/li><li id=\"ult-ih-list-item-1148\" class=\"ult-ih-list-item\" style=\"height: 190px; width: 190px;  margin: 2.5px\"><div style=\"height: 190px; width: 190px; \" class=\"ult-ih-item ult-ih-effect1    ult-ih-top_to_bottom \"><div class=\"ult-ih-image-block\" style=\"height: 190px; width: 190px; \">\t<div class=\"ult-ih-wrapper\" style=\"border-style: solid; border-color: rgba(255,255,255,0.2); border-width: 2px;\"><\/div>\t<img decoding=\"async\" class=\"ult-ih-image\" src=\"https:\/\/sumex.com.es\/wp-content\/uploads\/2018\/11\/sumex-servicios-carga.jpg\" alt=\"null\"><\/div><div class=\"ult-ih-info\" >\t<div class=\"ult-ih-info-back\" style=\"background-color: rgba(0,0,0,0.75); \">\t<div class=\"ult-ih-content\">\t\t\t<div class=\"ult-ih-heading-block\" style=\"\">\t\t\t\t<h3 class=\"ult-ih-heading ult-responsive\" style=\"color:#ffffff;\"  data-ultimate-target='#ult-ih-list-item-1148 .ult-ih-heading'  data-responsive-json-new='{\"font-size\":\"desktop:22px;\",\"line-height\":\"desktop:28px;\"}' >C\u00e0rrega<\/h3>\t\t\t<\/div>\t\t\t<div class=\"ult-ih-divider-block\" style=\"height:1px;\">\t\t\t\t<span class=\"ult-ih-line\" style=\"border-style:solid;border-color:rgba(255,255,255,0.75);width:100px;border-width:1px;\"><\/span>\t\t\t<\/div>\t\t\t<div class=\"ult-ih-description-block\" style=\"\">\t\t\t\t<div class=\"ult-ih-description ult-responsive\" style=\"color:#bbbbbb;\"  data-ultimate-target='#ult-ih-list-item-1148 .ult-ih-description, #ult-ih-list-item-1148 .ult-ih-description p'  data-responsive-json-new='{\"font-size\":\"desktop:12px;\",\"line-height\":\"desktop:18px;\"}' ><p>El nostre equip log\u00edstic carregar\u00e0 la mercaderia pesada al teu vehicle.<\/p>\n\t\t\t\t<\/div>\t\t\t<\/div>\t<\/div>\t<\/div><\/div><\/div><\/li><li id=\"ult-ih-list-item-8935\" class=\"ult-ih-list-item\" style=\"height: 190px; width: 190px;  margin: 2.5px\"><div style=\"height: 190px; width: 190px; \" class=\"ult-ih-item ult-ih-effect1    ult-ih-top_to_bottom \"><div class=\"ult-ih-image-block\" style=\"height: 190px; width: 190px; \">\t<div class=\"ult-ih-wrapper\" style=\"border-style: solid; border-color: rgba(255,255,255,0.2); border-width: 2px;\"><\/div>\t<img decoding=\"async\" class=\"ult-ih-image\" src=\"https:\/\/sumex.com.es\/wp-content\/uploads\/2018\/11\/sumex-servicios-transporte.jpg\" alt=\"null\"><\/div><div class=\"ult-ih-info\" >\t<div class=\"ult-ih-info-back\" style=\"background-color: rgba(0,0,0,0.75); \">\t<div class=\"ult-ih-content\">\t\t\t<div class=\"ult-ih-heading-block\" style=\"\">\t\t\t\t<h3 class=\"ult-ih-heading ult-responsive\" style=\"color:#ffffff;\"  data-ultimate-target='#ult-ih-list-item-8935 .ult-ih-heading'  data-responsive-json-new='{\"font-size\":\"desktop:22px;\",\"line-height\":\"desktop:28px;\"}' >Transport<\/h3>\t\t\t<\/div>\t\t\t<div class=\"ult-ih-divider-block\" style=\"height:1px;\">\t\t\t\t<span class=\"ult-ih-line\" style=\"border-style:solid;border-color:rgba(255,255,255,0.75);width:100px;border-width:1px;\"><\/span>\t\t\t<\/div>\t\t\t<div class=\"ult-ih-description-block\" style=\"\">\t\t\t\t<div class=\"ult-ih-description ult-responsive\" style=\"color:#bbbbbb;\"  data-ultimate-target='#ult-ih-list-item-8935 .ult-ih-description, #ult-ih-list-item-8935 .ult-ih-description p'  data-responsive-json-new='{\"font-size\":\"desktop:12px;\",\"line-height\":\"desktop:18px;\"}' ><p>Flota pr\u00f2pia de vehicles per oferir-te un servei de transport eficient.<\/p>\n\t\t\t\t<\/div>\t\t\t<\/div>\t<\/div>\t<\/div><\/div><\/div><\/li><li id=\"ult-ih-list-item-7295\" class=\"ult-ih-list-item\" style=\"height: 190px; width: 190px;  margin: 2.5px\"><div style=\"height: 190px; width: 190px; \" class=\"ult-ih-item ult-ih-effect1    ult-ih-top_to_bottom \"><div class=\"ult-ih-image-block\" style=\"height: 190px; width: 190px; \">\t<div class=\"ult-ih-wrapper\" style=\"border-style: solid; border-color: rgba(255,255,255,0.2); border-width: 2px;\"><\/div>\t<img decoding=\"async\" class=\"ult-ih-image\" src=\"https:\/\/sumex.com.es\/wp-content\/uploads\/2018\/11\/sumex-servicios-excavacion.jpg\" alt=\"null\"><\/div><div class=\"ult-ih-info\" >\t<div class=\"ult-ih-info-back\" style=\"background-color: rgba(0,0,0,0.75); \">\t<div class=\"ult-ih-content\">\t\t\t<div class=\"ult-ih-heading-block\" style=\"\">\t\t\t\t<h3 class=\"ult-ih-heading ult-responsive\" style=\"color:#ffffff;\"  data-ultimate-target='#ult-ih-list-item-7295 .ult-ih-heading'  data-responsive-json-new='{\"font-size\":\"desktop:22px;\",\"line-height\":\"desktop:28px;\"}' >Excavaci\u00f3<\/h3>\t\t\t<\/div>\t\t\t<div class=\"ult-ih-divider-block\" style=\"height:1px;\">\t\t\t\t<span class=\"ult-ih-line\" style=\"border-style:solid;border-color:rgba(255,255,255,0.75);width:100px;border-width:1px;\"><\/span>\t\t\t<\/div>\t\t\t<div class=\"ult-ih-description-block\" style=\"\">\t\t\t\t<div class=\"ult-ih-description ult-responsive\" style=\"color:#bbbbbb;\"  data-ultimate-target='#ult-ih-list-item-7295 .ult-ih-description, #ult-ih-list-item-7295 .ult-ih-description p'  data-responsive-json-new='{\"font-size\":\"desktop:12px;\",\"line-height\":\"desktop:18px;\"}' ><p>L\u00edders en excavaci\u00f3 i moviment de terres, amb 50 anys d&#8217;experi\u00e8ncia<\/p>\n\t\t\t\t<\/div>\t\t\t<\/div>\t<\/div>\t<\/div><\/div><\/div><\/li><li id=\"ult-ih-list-item-5720\" class=\"ult-ih-list-item\" style=\"height: 190px; width: 190px;  margin: 2.5px\"><div style=\"height: 190px; width: 190px; \" class=\"ult-ih-item ult-ih-effect1    ult-ih-top_to_bottom \"><div class=\"ult-ih-image-block\" style=\"height: 190px; width: 190px; \">\t<div class=\"ult-ih-wrapper\" style=\"border-style: solid; border-color: rgba(255,255,255,0.2); border-width: 2px;\"><\/div>\t<img decoding=\"async\" class=\"ult-ih-image\" src=\"https:\/\/sumex.com.es\/wp-content\/uploads\/2018\/12\/sumex-servicios-lloguer.jpg\" alt=\"null\"><\/div><div class=\"ult-ih-info\" >\t<div class=\"ult-ih-info-back\" style=\"background-color: rgba(0,0,0,0.75); \">\t<div class=\"ult-ih-content\">\t\t\t<div class=\"ult-ih-heading-block\" style=\"\">\t\t\t\t<h3 class=\"ult-ih-heading ult-responsive\" style=\"color:#ffffff;\"  data-ultimate-target='#ult-ih-list-item-5720 .ult-ih-heading'  data-responsive-json-new='{\"font-size\":\"desktop:22px;\",\"line-height\":\"desktop:28px;\"}' >Lloguer<\/h3>\t\t\t<\/div>\t\t\t<div class=\"ult-ih-divider-block\" style=\"height:1px;\">\t\t\t\t<span class=\"ult-ih-line\" style=\"border-style:solid;border-color:rgba(255,255,255,0.75);width:100px;border-width:1px;\"><\/span>\t\t\t<\/div>\t\t\t<div class=\"ult-ih-description-block\" style=\"\">\t\t\t\t<div class=\"ult-ih-description ult-responsive\" style=\"color:#bbbbbb;\"  data-ultimate-target='#ult-ih-list-item-5720 .ult-ih-description, #ult-ih-list-item-5720 .ult-ih-description p'  data-responsive-json-new='{\"font-size\":\"desktop:12px;\",\"line-height\":\"desktop:18px;\"}' ><p>T&#8217;oferim lloguer d&#8217;equips i eines per a la realitzaci\u00f3 de les teves obres.<\/p>\n\t\t\t\t<\/div>\t\t\t<\/div>\t<\/div>\t<\/div><\/div><\/div><\/li><li id=\"ult-ih-list-item-1727\" class=\"ult-ih-list-item\" style=\"height: 190px; width: 190px;  margin: 2.5px\"><div style=\"height: 190px; width: 190px; \" class=\"ult-ih-item ult-ih-effect1    ult-ih-top_to_bottom \"><div class=\"ult-ih-image-block\" style=\"height: 190px; width: 190px; \">\t<div class=\"ult-ih-wrapper\" style=\"border-style: solid; border-color: rgba(255,255,255,0.2); border-width: 2px;\"><\/div>\t<img decoding=\"async\" class=\"ult-ih-image\" src=\"https:\/\/sumex.com.es\/wp-content\/uploads\/2018\/11\/sumex-servicios-presupuestos.jpg\" alt=\"null\"><\/div><div class=\"ult-ih-info\" >\t<div class=\"ult-ih-info-back\" style=\"background-color: rgba(0,0,0,0.75); \">\t<div class=\"ult-ih-content\">\t\t\t<div class=\"ult-ih-heading-block\" style=\"\">\t\t\t\t<h3 class=\"ult-ih-heading ult-responsive\" style=\"color:#ffffff;\"  data-ultimate-target='#ult-ih-list-item-1727 .ult-ih-heading'  data-responsive-json-new='{\"font-size\":\"desktop:22px;\",\"line-height\":\"desktop:28px;\"}' >Pressupost<\/h3>\t\t\t<\/div>\t\t\t<div class=\"ult-ih-divider-block\" style=\"height:1px;\">\t\t\t\t<span class=\"ult-ih-line\" style=\"border-style:solid;border-color:rgba(255,255,255,0.75);width:100px;border-width:1px;\"><\/span>\t\t\t<\/div>\t\t\t<div class=\"ult-ih-description-block\" style=\"\">\t\t\t\t<div class=\"ult-ih-description ult-responsive\" style=\"color:#bbbbbb;\"  data-ultimate-target='#ult-ih-list-item-1727 .ult-ih-description, #ult-ih-list-item-1727 .ult-ih-description p'  data-responsive-json-new='{\"font-size\":\"desktop:12px;\",\"line-height\":\"desktop:18px;\"}' ><p>Pressuposts adaptats a les teves necessitats i sense comprom\u00eds<\/p>\n\t\t\t\t<\/div>\t\t\t<\/div>\t<\/div>\t<\/div><\/div><\/div><\/li><li id=\"ult-ih-list-item-1259\" class=\"ult-ih-list-item\" style=\"height: 190px; width: 190px;  margin: 2.5px\"><div style=\"height: 190px; width: 190px; \" class=\"ult-ih-item ult-ih-effect1    ult-ih-top_to_bottom \"><div class=\"ult-ih-image-block\" style=\"height: 190px; width: 190px; \">\t<div class=\"ult-ih-wrapper\" style=\"border-style: solid; border-color: rgba(255,255,255,0.2); border-width: 2px;\"><\/div>\t<img decoding=\"async\" class=\"ult-ih-image\" src=\"https:\/\/sumex.com.es\/wp-content\/uploads\/2018\/11\/sumex-servicios-asesoramiento.jpg\" alt=\"null\"><\/div><div class=\"ult-ih-info\" >\t<div class=\"ult-ih-info-back\" style=\"background-color: rgba(0,0,0,0.75); \">\t<div class=\"ult-ih-content\">\t\t\t<div class=\"ult-ih-heading-block\" style=\"\">\t\t\t\t<h3 class=\"ult-ih-heading ult-responsive\" style=\"color:#ffffff;\"  data-ultimate-target='#ult-ih-list-item-1259 .ult-ih-heading'  data-responsive-json-new='{\"font-size\":\"desktop:22px;\",\"line-height\":\"desktop:28px;\"}' >Disseny<\/h3>\t\t\t<\/div>\t\t\t<div class=\"ult-ih-divider-block\" style=\"height:1px;\">\t\t\t\t<span class=\"ult-ih-line\" style=\"border-style:solid;border-color:rgba(255,255,255,0.75);width:100px;border-width:1px;\"><\/span>\t\t\t<\/div>\t\t\t<div class=\"ult-ih-description-block\" style=\"\">\t\t\t\t<div class=\"ult-ih-description ult-responsive\" style=\"color:#bbbbbb;\"  data-ultimate-target='#ult-ih-list-item-1259 .ult-ih-description, #ult-ih-list-item-1259 .ult-ih-description p'  data-responsive-json-new='{\"font-size\":\"desktop:12px;\",\"line-height\":\"desktop:18px;\"}' ><p>Equip de professionals que t&#8217;assessorar\u00e0 en disseny i solucions t\u00e8cniques.<\/p>\n\t\t\t\t<\/div>\t\t\t<\/div>\t<\/div>\t<\/div><\/div><\/div><\/li><li id=\"ult-ih-list-item-3652\" class=\"ult-ih-list-item\" style=\"height: 190px; width: 190px;  margin: 2.5px\"><div style=\"height: 190px; width: 190px; \" class=\"ult-ih-item ult-ih-effect1    ult-ih-top_to_bottom \"><div class=\"ult-ih-image-block\" style=\"height: 190px; width: 190px; \">\t<div class=\"ult-ih-wrapper\" style=\"border-style: solid; border-color: rgba(255,255,255,0.2); border-width: 2px;\"><\/div>\t<img decoding=\"async\" class=\"ult-ih-image\" src=\"https:\/\/sumex.com.es\/wp-content\/uploads\/2018\/11\/sumex-servicios-financiacion-1.jpg\" alt=\"null\"><\/div><div class=\"ult-ih-info\" >\t<div class=\"ult-ih-info-back\" style=\"background-color: rgba(0,0,0,0.75); \">\t<div class=\"ult-ih-content\">\t\t\t<div class=\"ult-ih-heading-block\" style=\"\">\t\t\t\t<h3 class=\"ult-ih-heading ult-responsive\" style=\"color:#ffffff;\"  data-ultimate-target='#ult-ih-list-item-3652 .ult-ih-heading'  data-responsive-json-new='{\"font-size\":\"desktop:22px;\",\"line-height\":\"desktop:28px;\"}' >Finan\u00e7ament<\/h3>\t\t\t<\/div>\t\t\t<div class=\"ult-ih-divider-block\" style=\"height:1px;\">\t\t\t\t<span class=\"ult-ih-line\" style=\"border-style:solid;border-color:rgba(255,255,255,0.75);width:100px;border-width:1px;\"><\/span>\t\t\t<\/div>\t\t\t<div class=\"ult-ih-description-block\" style=\"\">\t\t\t\t<div class=\"ult-ih-description ult-responsive\" style=\"color:#bbbbbb;\"  data-ultimate-target='#ult-ih-list-item-3652 .ult-ih-description, #ult-ih-list-item-3652 .ult-ih-description p'  data-responsive-json-new='{\"font-size\":\"desktop:12px;\",\"line-height\":\"desktop:18px;\"}' ><p>T&#8217;oferim solucions de finan\u00e7ament a mida de les teves necessitats.<\/p>\n\t\t\t\t<\/div>\t\t\t<\/div>\t<\/div>\t<\/div><\/div><\/div><\/li><li id=\"ult-ih-list-item-8653\" class=\"ult-ih-list-item\" style=\"height: 190px; width: 190px;  margin: 2.5px\"><div style=\"height: 190px; width: 190px; \" class=\"ult-ih-item ult-ih-effect1    ult-ih-top_to_bottom \"><div class=\"ult-ih-image-block\" style=\"height: 190px; width: 190px; \">\t<div class=\"ult-ih-wrapper\" style=\"border-style: solid; border-color: rgba(255,255,255,0.2); border-width: 2px;\"><\/div>\t<img decoding=\"async\" class=\"ult-ih-image\" src=\"https:\/\/sumex.com.es\/wp-content\/uploads\/2018\/11\/sumex-servicios-reformas.jpg\" alt=\"null\"><\/div><div class=\"ult-ih-info\" >\t<div class=\"ult-ih-info-back\" style=\"background-color: rgba(0,0,0,0.75); \">\t<div class=\"ult-ih-content\">\t\t\t<div class=\"ult-ih-heading-block\" style=\"\">\t\t\t\t<h3 class=\"ult-ih-heading ult-responsive\" style=\"color:#ffffff;\"  data-ultimate-target='#ult-ih-list-item-8653 .ult-ih-heading'  data-responsive-json-new='{\"font-size\":\"desktop:22px;\",\"line-height\":\"desktop:28px;\"}' >Reformes<\/h3>\t\t\t<\/div>\t\t\t<div class=\"ult-ih-divider-block\" style=\"height:1px;\">\t\t\t\t<span class=\"ult-ih-line\" style=\"border-style:solid;border-color:rgba(255,255,255,0.75);width:100px;border-width:1px;\"><\/span>\t\t\t<\/div>\t\t\t<div class=\"ult-ih-description-block\" style=\"\">\t\t\t\t<div class=\"ult-ih-description ult-responsive\" style=\"color:#bbbbbb;\"  data-ultimate-target='#ult-ih-list-item-8653 .ult-ih-description, #ult-ih-list-item-8653 .ult-ih-description p'  data-responsive-json-new='{\"font-size\":\"desktop:12px;\",\"line-height\":\"desktop:18px;\"}' ><p>Disposem de tot el que necessites per a la reforma de la teva llar.<\/p>\n\t\t\t\t<\/div>\t\t\t<\/div>\t<\/div>\t<\/div><\/div><\/div><\/li><li id=\"ult-ih-list-item-5675\" class=\"ult-ih-list-item\" style=\"height: 190px; width: 190px;  margin: 2.5px\"><div style=\"height: 190px; width: 190px; \" class=\"ult-ih-item ult-ih-effect1    ult-ih-top_to_bottom \"><div class=\"ult-ih-image-block\" style=\"height: 190px; width: 190px; \">\t<div class=\"ult-ih-wrapper\" style=\"border-style: solid; border-color: rgba(255,255,255,0.2); border-width: 2px;\"><\/div>\t<img decoding=\"async\" class=\"ult-ih-image\" src=\"https:\/\/sumex.com.es\/wp-content\/uploads\/2018\/11\/sumex-servicios-exposicion.jpg\" alt=\"null\"><\/div><div class=\"ult-ih-info\" >\t<div class=\"ult-ih-info-back\" style=\"background-color: rgba(0,0,0,0.75); \">\t<div class=\"ult-ih-content\">\t\t\t<div class=\"ult-ih-heading-block\" style=\"\">\t\t\t\t<h3 class=\"ult-ih-heading ult-responsive\" style=\"color:#ffffff;\"  data-ultimate-target='#ult-ih-list-item-5675 .ult-ih-heading'  data-responsive-json-new='{\"font-size\":\"desktop:22px;\",\"line-height\":\"desktop:28px;\"}' >Exposici\u00f3<\/h3>\t\t\t<\/div>\t\t\t<div class=\"ult-ih-divider-block\" style=\"height:1px;\">\t\t\t\t<span class=\"ult-ih-line\" style=\"border-style:solid;border-color:rgba(255,255,255,0.75);width:100px;border-width:1px;\"><\/span>\t\t\t<\/div>\t\t\t<div class=\"ult-ih-description-block\" style=\"\">\t\t\t\t<div class=\"ult-ih-description ult-responsive\" style=\"color:#bbbbbb;\"  data-ultimate-target='#ult-ih-list-item-5675 .ult-ih-description, #ult-ih-list-item-5675 .ult-ih-description p'  data-responsive-json-new='{\"font-size\":\"desktop:12px;\",\"line-height\":\"desktop:18px;\"}' ><p>Troba les \u00faltimes novetats i tend\u00e8ncies en cuines, banys i cer\u00e0mica.<\/p>\n\t\t\t\t<\/div>\t\t\t<\/div>\t<\/div>\t<\/div><\/div><\/div><\/li>\t<\/ul><\/div>[vc_custom_heading text=&#8221;Passa el ratol\u00ed per les icones per veure la descripci\u00f3 de cada servei.&#8221; font_container=&#8221;tag:h6|text_align:center|color:%23a0a0a0|line_height:20px&#8221; use_theme_fonts=&#8221;yes&#8221;]<div class=\"w-separator size_custom\" style=\"height:32px\"><\/div><\/div><\/div><\/div><\/div><\/div><\/section>\n","protected":false},"excerpt":{"rendered":"SERVEIS [vc_custom_heading text=\"Els nostres serveis professionals t'estalviaran temps i diners\" font_container=\"tag:h4|text_align:center\" use_theme_fonts=\"yes\"] Parking Aparcament pr\u00e0ctic i adaptat a tot tipus de vehicles professionals. C\u00e0rrega El nostre equip log\u00edstic carregar\u00e0 la mercaderia pesada al teu vehicle. Transport Flota pr\u00f2pia de vehicles per oferir-te un servei de transport eficient. Excavaci\u00f3 L\u00edders en excavaci\u00f3 i moviment de terres,...","protected":false},"author":4,"featured_media":0,"parent":0,"menu_order":0,"comment_status":"closed","ping_status":"closed","template":"","meta":{"_monsterinsights_skip_tracking":false,"_monsterinsights_sitenote_active":false,"_monsterinsights_sitenote_note":"","_monsterinsights_sitenote_category":0,"footnotes":""},"class_list":["post-4333","page","type-page","status-publish","hentry"],"yoast_head":"<!-- This site is optimized with the Yoast SEO plugin v25.4 - https:\/\/yoast.com\/wordpress\/plugins\/seo\/ -->\n<title>SUMEX IGUALADA - Serveis<\/title>\n<meta name=\"description\" content=\"Els nostres serveis professionals: aparcament, c\u00e0rrega, transport, excavaci\u00f3, lloguer, pressupost, disseny, finan\u00e7ament, reformes i exposici\u00f3.\" \/>\n<meta name=\"robots\" content=\"index, follow, max-snippet:-1, max-image-preview:large, max-video-preview:-1\" \/>\n<link rel=\"canonical\" href=\"https:\/\/sumex.com.es\/ca\/serveis\/\" \/>\n<meta property=\"og:locale\" content=\"ca_ES\" \/>\n<meta property=\"og:type\" content=\"article\" \/>\n<meta property=\"og:title\" content=\"SUMEX IGUALADA - Serveis\" \/>\n<meta property=\"og:description\" content=\"Els nostres serveis professionals: aparcament, c\u00e0rrega, transport, excavaci\u00f3, lloguer, pressupost, disseny, finan\u00e7ament, reformes i exposici\u00f3.\" \/>\n<meta property=\"og:url\" content=\"https:\/\/sumex.com.es\/ca\/serveis\/\" \/>\n<meta property=\"og:site_name\" content=\"SUMEX IGUALADA\" \/>\n<meta property=\"article:modified_time\" content=\"2023-03-26T15:47:38+00:00\" \/>\n<meta name=\"twitter:card\" content=\"summary_large_image\" \/>\n<meta name=\"twitter:label1\" content=\"Temps estimat de lectura\" \/>\n\t<meta name=\"twitter:data1\" content=\"4 minuts\" \/>\n<script type=\"application\/ld+json\" class=\"yoast-schema-graph\">{\"@context\":\"https:\/\/schema.org\",\"@graph\":[{\"@type\":\"WebPage\",\"@id\":\"https:\/\/sumex.com.es\/ca\/serveis\/\",\"url\":\"https:\/\/sumex.com.es\/ca\/serveis\/\",\"name\":\"SUMEX IGUALADA - Serveis\",\"isPartOf\":{\"@id\":\"https:\/\/sumex.com.es\/#website\"},\"datePublished\":\"2017-03-16T17:41:35+00:00\",\"dateModified\":\"2023-03-26T15:47:38+00:00\",\"description\":\"Els nostres serveis professionals: aparcament, c\u00e0rrega, transport, excavaci\u00f3, lloguer, pressupost, disseny, finan\u00e7ament, reformes i exposici\u00f3.\",\"breadcrumb\":{\"@id\":\"https:\/\/sumex.com.es\/ca\/serveis\/#breadcrumb\"},\"inLanguage\":\"ca\",\"potentialAction\":[{\"@type\":\"ReadAction\",\"target\":[\"https:\/\/sumex.com.es\/ca\/serveis\/\"]}]},{\"@type\":\"BreadcrumbList\",\"@id\":\"https:\/\/sumex.com.es\/ca\/serveis\/#breadcrumb\",\"itemListElement\":[{\"@type\":\"ListItem\",\"position\":1,\"name\":\"Portada\",\"item\":\"https:\/\/sumex.com.es\/ca\/\"},{\"@type\":\"ListItem\",\"position\":2,\"name\":\"Serveis\"}]},{\"@type\":\"WebSite\",\"@id\":\"https:\/\/sumex.com.es\/#website\",\"url\":\"https:\/\/sumex.com.es\/\",\"name\":\"SUMEX IGUALADA\",\"description\":\"Ba\u00f1os, cocinas, cer\u00e1mica, construcci\u00f3n y reforma, ferreter\u00eda, exterior y excavaciones\",\"potentialAction\":[{\"@type\":\"SearchAction\",\"target\":{\"@type\":\"EntryPoint\",\"urlTemplate\":\"https:\/\/sumex.com.es\/?s={search_term_string}\"},\"query-input\":{\"@type\":\"PropertyValueSpecification\",\"valueRequired\":true,\"valueName\":\"search_term_string\"}}],\"inLanguage\":\"ca\"}]}<\/script>\n<!-- \/ Yoast SEO plugin. -->","yoast_head_json":{"title":"SUMEX IGUALADA - Serveis","description":"Els nostres serveis professionals: aparcament, c\u00e0rrega, transport, excavaci\u00f3, lloguer, pressupost, disseny, finan\u00e7ament, reformes i exposici\u00f3.","robots":{"index":"index","follow":"follow","max-snippet":"max-snippet:-1","max-image-preview":"max-image-preview:large","max-video-preview":"max-video-preview:-1"},"canonical":"https:\/\/sumex.com.es\/ca\/serveis\/","og_locale":"ca_ES","og_type":"article","og_title":"SUMEX IGUALADA - Serveis","og_description":"Els nostres serveis professionals: aparcament, c\u00e0rrega, transport, excavaci\u00f3, lloguer, pressupost, disseny, finan\u00e7ament, reformes i exposici\u00f3.","og_url":"https:\/\/sumex.com.es\/ca\/serveis\/","og_site_name":"SUMEX IGUALADA","article_modified_time":"2023-03-26T15:47:38+00:00","twitter_card":"summary_large_image","twitter_misc":{"Temps estimat de lectura":"4 minuts"},"schema":{"@context":"https:\/\/schema.org","@graph":[{"@type":"WebPage","@id":"https:\/\/sumex.com.es\/ca\/serveis\/","url":"https:\/\/sumex.com.es\/ca\/serveis\/","name":"SUMEX IGUALADA - Serveis","isPartOf":{"@id":"https:\/\/sumex.com.es\/#website"},"datePublished":"2017-03-16T17:41:35+00:00","dateModified":"2023-03-26T15:47:38+00:00","description":"Els nostres serveis professionals: aparcament, c\u00e0rrega, transport, excavaci\u00f3, lloguer, pressupost, disseny, finan\u00e7ament, reformes i exposici\u00f3.","breadcrumb":{"@id":"https:\/\/sumex.com.es\/ca\/serveis\/#breadcrumb"},"inLanguage":"ca","potentialAction":[{"@type":"ReadAction","target":["https:\/\/sumex.com.es\/ca\/serveis\/"]}]},{"@type":"BreadcrumbList","@id":"https:\/\/sumex.com.es\/ca\/serveis\/#breadcrumb","itemListElement":[{"@type":"ListItem","position":1,"name":"Portada","item":"https:\/\/sumex.com.es\/ca\/"},{"@type":"ListItem","position":2,"name":"Serveis"}]},{"@type":"WebSite","@id":"https:\/\/sumex.com.es\/#website","url":"https:\/\/sumex.com.es\/","name":"SUMEX IGUALADA","description":"Ba\u00f1os, cocinas, cer\u00e1mica, construcci\u00f3n y reforma, ferreter\u00eda, exterior y excavaciones","potentialAction":[{"@type":"SearchAction","target":{"@type":"EntryPoint","urlTemplate":"https:\/\/sumex.com.es\/?s={search_term_string}"},"query-input":{"@type":"PropertyValueSpecification","valueRequired":true,"valueName":"search_term_string"}}],"inLanguage":"ca"}]}},"_links":{"self":[{"href":"https:\/\/sumex.com.es\/ca\/wp-json\/wp\/v2\/pages\/4333","targetHints":{"allow":["GET"]}}],"collection":[{"href":"https:\/\/sumex.com.es\/ca\/wp-json\/wp\/v2\/pages"}],"about":[{"href":"https:\/\/sumex.com.es\/ca\/wp-json\/wp\/v2\/types\/page"}],"author":[{"embeddable":true,"href":"https:\/\/sumex.com.es\/ca\/wp-json\/wp\/v2\/users\/4"}],"replies":[{"embeddable":true,"href":"https:\/\/sumex.com.es\/ca\/wp-json\/wp\/v2\/comments?post=4333"}],"version-history":[{"count":75,"href":"https:\/\/sumex.com.es\/ca\/wp-json\/wp\/v2\/pages\/4333\/revisions"}],"predecessor-version":[{"id":7297,"href":"https:\/\/sumex.com.es\/ca\/wp-json\/wp\/v2\/pages\/4333\/revisions\/7297"}],"wp:attachment":[{"href":"https:\/\/sumex.com.es\/ca\/wp-json\/wp\/v2\/media?parent=4333"}],"curies":[{"name":"wp","href":"https:\/\/api.w.org\/{rel}","templated":true}]}}