{"id":4317,"date":"2017-03-16T16:05:11","date_gmt":"2017-03-16T16:05:11","guid":{"rendered":"https:\/\/sumex.com.es\/productos\/"},"modified":"2020-05-07T12:49:29","modified_gmt":"2020-05-07T10:49:29","slug":"productos","status":"publish","type":"page","link":"https:\/\/sumex.com.es\/ca\/productos\/","title":{"rendered":"Productes"},"content":{"rendered":"<section class=\"l-section wpb_row height_small width_full color_custom\"><div class=\"l-section-h i-cf\"><div class=\"g-cols vc_row via_flex valign_middle type_default stacking_default\"><div class=\"vc_col-sm-12 wpb_column vc_column_container\"><div class=\"vc_column-inner\"><div class=\"wpb_wrapper\"><div class=\"wpb_text_column\"><div class=\"wpb_wrapper\"><h3 style=\"text-align: center;\"><strong>PRODUCTES<\/strong><\/h3>\n<\/div><\/div><\/div><\/div><\/div><\/div><\/div><\/section><section class=\"l-section wpb_row height_medium\"><div class=\"l-section-h i-cf\"><div class=\"g-cols vc_row via_flex valign_top type_default stacking_default\"><div class=\"vc_col-sm-12 wpb_column vc_column_container\"><div class=\"vc_column-inner\"><div class=\"wpb_wrapper\"><div class=\"w-grid type_grid layout_5230 cols_4 ratio_3x4\" id=\"us_grid_1\" style=\"--gap:4px;\" data-filterable=\"true\"><style>@media (max-width:1380px){#us_grid_1 .w-grid-item{width:33.3333%}#us_grid_1 .w-grid-item.size_2x1,#us_grid_1 .w-grid-item.size_2x2{width:66.6667%}}@media (max-width:1024px){#us_grid_1 .w-grid-item{width:50%}#us_grid_1 .w-grid-item.size_2x1,#us_grid_1 .w-grid-item.size_2x2{width:100%}}@media (max-width:600px){#us_grid_1 .w-grid-list{margin:0}#us_grid_1 .w-grid-item{width:100%;padding:0;margin-bottom:var(--gap,0px)}}#us_grid_1 .w-grid-item-h:before{padding-bottom:133.3333%}.layout_5230 .w-grid-item-h:before{padding-bottom:100%}@media (min-width:601px){.layout_5230 .w-grid-item.size_1x2 .w-grid-item-h:before{padding-bottom:calc(200% + var(--gap,0px) * 2)}.layout_5230 .w-grid-item.size_2x1 .w-grid-item-h:before{padding-bottom:calc(50% - var(--gap,0px) * 1)}.layout_5230 .w-grid-item.size_2x2 .w-grid-item-h:before{padding-bottom:calc(100% - var(--gap,0px) * 0)}}.layout_5230 .w-grid-item-h{background:#333}.layout_5230 .usg_post_image_1{transition-duration:0.35s;transform-origin:50% 50%;transform:scale(1) translate(0,0)}.layout_5230 .w-grid-item-h:hover .usg_post_image_1{transform:scale(1.1) translate(0,0);opacity:0.1}.layout_5230 .usg_post_image_1{position:absolute!important;top:0!important;right:0!important;bottom:0!important;left:0!important}.layout_5230 .usg_vwrapper_1{background:linear-gradient(transparent,rgba(30,30,30,0.8))!important;position:absolute!important;right:0!important;bottom:0!important;left:0!important;padding:4rem 2rem 1.5rem 2rem!important}.layout_5230 .usg_post_title_1{color:#fff!important;font-size:1.2rem!important}<\/style><div class=\"w-grid-list\">\t<article class=\"w-grid-item size_1x1 post-4375 us_portfolio type-us_portfolio status-publish has-post-thumbnail hentry us_portfolio_category-inici us_portfolio_category-productos-tienda-ca\" data-id=\"4375\">\r\n\t\t<div class=\"w-grid-item-h\">\r\n\t\t\t\t\t\t\t<a href=\"https:\/\/sumex.com.es\/ca\/portfolio\/ceramica-2\/\" class=\"w-grid-item-anchor\" aria-label=\"Cer\u00e0mica\"><\/a>\r\n\t\t\t\t\t\t<div class=\"w-post-elm post_image usg_post_image_1 stretched\"><img loading=\"lazy\" decoding=\"async\" width=\"1024\" height=\"461\" src=\"https:\/\/sumex.com.es\/wp-content\/uploads\/2015\/11\/parquets-destacat-1024x461.jpg\" class=\"attachment-large size-large wp-post-image\" alt=\"\" srcset=\"https:\/\/sumex.com.es\/wp-content\/uploads\/2015\/11\/parquets-destacat-1024x461.jpg 1024w, https:\/\/sumex.com.es\/wp-content\/uploads\/2015\/11\/parquets-destacat-300x135.jpg 300w, https:\/\/sumex.com.es\/wp-content\/uploads\/2015\/11\/parquets-destacat-768x346.jpg 768w, https:\/\/sumex.com.es\/wp-content\/uploads\/2015\/11\/parquets-destacat-600x270.jpg 600w, https:\/\/sumex.com.es\/wp-content\/uploads\/2015\/11\/parquets-destacat.jpg 1110w\" sizes=\"auto, (max-width: 1024px) 100vw, 1024px\" \/><\/div><div class=\"w-vwrapper usg_vwrapper_1 align_left valign_top\"><h2 class=\"w-post-elm post_title usg_post_title_1 has_text_color entry-title color_link_inherit\">Cer\u00e0mica<\/h2><\/div>\t\t<\/div>\r\n\t\t\t<\/article>\r\n\t<article class=\"w-grid-item size_1x1 post-4348 us_portfolio type-us_portfolio status-publish has-post-thumbnail hentry us_portfolio_category-inici us_portfolio_category-productos-tienda-ca\" data-id=\"4348\">\r\n\t\t<div class=\"w-grid-item-h\">\r\n\t\t\t\t\t\t\t<a href=\"https:\/\/sumex.com.es\/ca\/portfolio\/banys\/\" class=\"w-grid-item-anchor\" aria-label=\"Banys\"><\/a>\r\n\t\t\t\t\t\t<div class=\"w-post-elm post_image usg_post_image_1 stretched\"><img loading=\"lazy\" decoding=\"async\" width=\"1024\" height=\"724\" src=\"https:\/\/sumex.com.es\/wp-content\/uploads\/2015\/12\/Bali-de-Bathco-destacada-1024x724.jpg\" class=\"attachment-large size-large wp-post-image\" alt=\"\" srcset=\"https:\/\/sumex.com.es\/wp-content\/uploads\/2015\/12\/Bali-de-Bathco-destacada-1024x724.jpg 1024w, https:\/\/sumex.com.es\/wp-content\/uploads\/2015\/12\/Bali-de-Bathco-destacada-300x212.jpg 300w, https:\/\/sumex.com.es\/wp-content\/uploads\/2015\/12\/Bali-de-Bathco-destacada-768x543.jpg 768w, https:\/\/sumex.com.es\/wp-content\/uploads\/2015\/12\/Bali-de-Bathco-destacada-600x424.jpg 600w, https:\/\/sumex.com.es\/wp-content\/uploads\/2015\/12\/Bali-de-Bathco-destacada.jpg 1754w\" sizes=\"auto, (max-width: 1024px) 100vw, 1024px\" \/><\/div><div class=\"w-vwrapper usg_vwrapper_1 align_left valign_top\"><h2 class=\"w-post-elm post_title usg_post_title_1 has_text_color entry-title color_link_inherit\">Banys<\/h2><\/div>\t\t<\/div>\r\n\t\t\t<\/article>\r\n\t<article class=\"w-grid-item size_1x1 post-4386 us_portfolio type-us_portfolio status-publish has-post-thumbnail hentry us_portfolio_category-inici us_portfolio_category-productos-tienda-ca\" data-id=\"4386\">\r\n\t\t<div class=\"w-grid-item-h\">\r\n\t\t\t\t\t\t\t<a href=\"https:\/\/sumex.com.es\/ca\/portfolio\/cuina\/\" class=\"w-grid-item-anchor\" aria-label=\"Cuina\"><\/a>\r\n\t\t\t\t\t\t<div class=\"w-post-elm post_image usg_post_image_1 stretched\"><img loading=\"lazy\" decoding=\"async\" width=\"1024\" height=\"682\" src=\"https:\/\/sumex.com.es\/wp-content\/uploads\/2015\/11\/cuines-destacat-1024x682.jpg\" class=\"attachment-large size-large wp-post-image\" alt=\"\" srcset=\"https:\/\/sumex.com.es\/wp-content\/uploads\/2015\/11\/cuines-destacat-1024x682.jpg 1024w, https:\/\/sumex.com.es\/wp-content\/uploads\/2015\/11\/cuines-destacat-300x200.jpg 300w, https:\/\/sumex.com.es\/wp-content\/uploads\/2015\/11\/cuines-destacat-768x512.jpg 768w, https:\/\/sumex.com.es\/wp-content\/uploads\/2015\/11\/cuines-destacat-600x400.jpg 600w, https:\/\/sumex.com.es\/wp-content\/uploads\/2015\/11\/cuines-destacat.jpg 1100w\" sizes=\"auto, (max-width: 1024px) 100vw, 1024px\" \/><\/div><div class=\"w-vwrapper usg_vwrapper_1 align_left valign_top\"><h2 class=\"w-post-elm post_title usg_post_title_1 has_text_color entry-title color_link_inherit\">Cuina<\/h2><\/div>\t\t<\/div>\r\n\t\t\t<\/article>\r\n\t<article class=\"w-grid-item size_1x1 post-4381 us_portfolio type-us_portfolio status-publish has-post-thumbnail hentry us_portfolio_category-inici us_portfolio_category-productos-tienda-ca\" data-id=\"4381\">\r\n\t\t<div class=\"w-grid-item-h\">\r\n\t\t\t\t\t\t\t<a href=\"https:\/\/sumex.com.es\/ca\/portfolio\/exterior\/\" class=\"w-grid-item-anchor\" aria-label=\"Exterior\"><\/a>\r\n\t\t\t\t\t\t<div class=\"w-post-elm post_image usg_post_image_1 stretched\"><img loading=\"lazy\" decoding=\"async\" width=\"797\" height=\"450\" src=\"https:\/\/sumex.com.es\/wp-content\/uploads\/2015\/11\/exterior-destacat.jpg\" class=\"attachment-large size-large wp-post-image\" alt=\"\" srcset=\"https:\/\/sumex.com.es\/wp-content\/uploads\/2015\/11\/exterior-destacat.jpg 797w, https:\/\/sumex.com.es\/wp-content\/uploads\/2015\/11\/exterior-destacat-300x169.jpg 300w, https:\/\/sumex.com.es\/wp-content\/uploads\/2015\/11\/exterior-destacat-768x434.jpg 768w, https:\/\/sumex.com.es\/wp-content\/uploads\/2015\/11\/exterior-destacat-600x339.jpg 600w\" sizes=\"auto, (max-width: 797px) 100vw, 797px\" \/><\/div><div class=\"w-vwrapper usg_vwrapper_1 align_left valign_top\"><h2 class=\"w-post-elm post_title usg_post_title_1 has_text_color entry-title color_link_inherit\">Exterior<\/h2><\/div>\t\t<\/div>\r\n\t\t\t<\/article>\r\n\t<article class=\"w-grid-item size_1x1 post-4370 us_portfolio type-us_portfolio status-publish has-post-thumbnail hentry us_portfolio_category-productos-tienda-ca\" data-id=\"4370\">\r\n\t\t<div class=\"w-grid-item-h\">\r\n\t\t\t\t\t\t\t<a href=\"https:\/\/sumex.com.es\/ca\/portfolio\/ferreteria\/\" class=\"w-grid-item-anchor\" aria-label=\"Ferreteria\"><\/a>\r\n\t\t\t\t\t\t<div class=\"w-post-elm post_image usg_post_image_1 stretched\"><img loading=\"lazy\" decoding=\"async\" width=\"1000\" height=\"666\" src=\"https:\/\/sumex.com.es\/wp-content\/uploads\/2017\/03\/Ferreteria-Eivissa-Ferrer-Ibiza03-1.jpg\" class=\"attachment-large size-large wp-post-image\" alt=\"\" srcset=\"https:\/\/sumex.com.es\/wp-content\/uploads\/2017\/03\/Ferreteria-Eivissa-Ferrer-Ibiza03-1.jpg 1000w, https:\/\/sumex.com.es\/wp-content\/uploads\/2017\/03\/Ferreteria-Eivissa-Ferrer-Ibiza03-1-300x200.jpg 300w, https:\/\/sumex.com.es\/wp-content\/uploads\/2017\/03\/Ferreteria-Eivissa-Ferrer-Ibiza03-1-768x511.jpg 768w, https:\/\/sumex.com.es\/wp-content\/uploads\/2017\/03\/Ferreteria-Eivissa-Ferrer-Ibiza03-1-600x400.jpg 600w\" sizes=\"auto, (max-width: 1000px) 100vw, 1000px\" \/><\/div><div class=\"w-vwrapper usg_vwrapper_1 align_left valign_top\"><h2 class=\"w-post-elm post_title usg_post_title_1 has_text_color entry-title color_link_inherit\">Ferreteria<\/h2><\/div>\t\t<\/div>\r\n\t\t\t<\/article>\r\n\t<article class=\"w-grid-item size_1x1 post-4785 us_portfolio type-us_portfolio status-publish has-post-thumbnail hentry us_portfolio_category-productos-tienda-ca\" data-id=\"4785\">\r\n\t\t<div class=\"w-grid-item-h\">\r\n\t\t\t\t\t\t\t<a href=\"https:\/\/sumex.com.es\/ca\/portfolio\/obra\/\" class=\"w-grid-item-anchor\" aria-label=\"Obra\"><\/a>\r\n\t\t\t\t\t\t<div class=\"w-post-elm post_image usg_post_image_1 stretched\"><img loading=\"lazy\" decoding=\"async\" width=\"790\" height=\"420\" src=\"https:\/\/sumex.com.es\/wp-content\/uploads\/2017\/05\/exportacion-materiales-construccion-aumenta-respecto-2015.jpg\" class=\"attachment-large size-large wp-post-image\" alt=\"\" srcset=\"https:\/\/sumex.com.es\/wp-content\/uploads\/2017\/05\/exportacion-materiales-construccion-aumenta-respecto-2015.jpg 790w, https:\/\/sumex.com.es\/wp-content\/uploads\/2017\/05\/exportacion-materiales-construccion-aumenta-respecto-2015-300x159.jpg 300w, https:\/\/sumex.com.es\/wp-content\/uploads\/2017\/05\/exportacion-materiales-construccion-aumenta-respecto-2015-768x408.jpg 768w, https:\/\/sumex.com.es\/wp-content\/uploads\/2017\/05\/exportacion-materiales-construccion-aumenta-respecto-2015-600x319.jpg 600w\" sizes=\"auto, (max-width: 790px) 100vw, 790px\" \/><\/div><div class=\"w-vwrapper usg_vwrapper_1 align_left valign_top\"><h2 class=\"w-post-elm post_title usg_post_title_1 has_text_color entry-title color_link_inherit\">Obra<\/h2><\/div>\t\t<\/div>\r\n\t\t\t<\/article>\r\n<\/div><div class=\"w-grid-preloader\">\t<div class=\"g-preloader type_3\">\r\n\t\t<div><\/div>\r\n\t<\/div>\r\n\t<\/div>\t<div class=\"w-grid-json hidden\" onclick='return {&quot;action&quot;:&quot;us_ajax_grid&quot;,&quot;infinite_scroll&quot;:0,&quot;max_num_pages&quot;:1,&quot;pagination&quot;:&quot;none&quot;,&quot;template_vars&quot;:{&quot;columns&quot;:&quot;4&quot;,&quot;exclude_items&quot;:&quot;none&quot;,&quot;img_size&quot;:&quot;default&quot;,&quot;ignore_items_size&quot;:0,&quot;items_layout&quot;:&quot;5230&quot;,&quot;items_offset&quot;:&quot;1&quot;,&quot;load_animation&quot;:&quot;none&quot;,&quot;overriding_link&quot;:&quot;%7B%22type%22%3A%22post%22%7D&quot;,&quot;post_id&quot;:0,&quot;query_args&quot;:{&quot;post_type&quot;:[&quot;us_portfolio&quot;],&quot;tax_query&quot;:[{&quot;taxonomy&quot;:&quot;us_portfolio_category&quot;,&quot;field&quot;:&quot;slug&quot;,&quot;terms&quot;:[&quot;productos&quot;]}],&quot;post_status&quot;:[&quot;publish&quot;],&quot;posts_per_page&quot;:999},&quot;orderby_query_args&quot;:{&quot;orderby&quot;:{&quot;date&quot;:&quot;ASC&quot;}},&quot;type&quot;:&quot;grid&quot;,&quot;us_grid_post_type&quot;:&quot;us_portfolio&quot;,&quot;us_grid_ajax_index&quot;:1,&quot;us_grid_filter_query_string&quot;:null,&quot;us_grid_index&quot;:1,&quot;page_args&quot;:[],&quot;lang&quot;:&quot;ca&quot;}}'><\/div>\r\n\t<\/div><\/div><\/div><\/div><\/div><\/div><\/section>\n","protected":false},"excerpt":{"rendered":"OBRA A Sumex t&#8217;oferim una extensa gamma de productes i materials per la teva obra o reforma, seleccionats d&#8217;entre les millors marques del mercat. A m\u00e9s a m\u00e9s, disposem de servei log\u00edstic que et simplificar\u00e0 les tasques de c\u00e0rrega i transport. &#8211; Geros &#8211; Techopan &#8211; Totxanes &#8211; Canonades PVC &#8211; Envans &#8211; Canals PVC...","protected":false},"author":4,"featured_media":0,"parent":0,"menu_order":0,"comment_status":"closed","ping_status":"closed","template":"","meta":{"_monsterinsights_skip_tracking":false,"_monsterinsights_sitenote_active":false,"_monsterinsights_sitenote_note":"","_monsterinsights_sitenote_category":0,"footnotes":""},"class_list":["post-4317","page","type-page","status-publish","hentry"],"yoast_head":"<!-- This site is optimized with the Yoast SEO plugin v25.4 - https:\/\/yoast.com\/wordpress\/plugins\/seo\/ -->\n<title>SUMEX IGUALADA - Productes<\/title>\n<meta name=\"description\" content=\"Tot el que necessites per a la realitzaci\u00f3 dels teus projectes, amb una \u00e0mplia gamma de productes de m\u00e0xima qualitat per satisfer les teves expectatives\" \/>\n<meta name=\"robots\" content=\"index, follow, max-snippet:-1, max-image-preview:large, max-video-preview:-1\" \/>\n<link rel=\"canonical\" href=\"https:\/\/sumex.com.es\/ca\/productos\/\" \/>\n<meta property=\"og:locale\" content=\"ca_ES\" \/>\n<meta property=\"og:type\" content=\"article\" \/>\n<meta property=\"og:title\" content=\"SUMEX IGUALADA - Productes\" \/>\n<meta property=\"og:description\" content=\"Tot el que necessites per a la realitzaci\u00f3 dels teus projectes, amb una \u00e0mplia gamma de productes de m\u00e0xima qualitat per satisfer les teves expectatives\" \/>\n<meta property=\"og:url\" content=\"https:\/\/sumex.com.es\/ca\/productos\/\" \/>\n<meta property=\"og:site_name\" content=\"SUMEX IGUALADA\" \/>\n<meta property=\"article:modified_time\" content=\"2020-05-07T10:49:29+00:00\" \/>\n<meta name=\"twitter:card\" content=\"summary_large_image\" \/>\n<script type=\"application\/ld+json\" class=\"yoast-schema-graph\">{\"@context\":\"https:\/\/schema.org\",\"@graph\":[{\"@type\":\"WebPage\",\"@id\":\"https:\/\/sumex.com.es\/ca\/productos\/\",\"url\":\"https:\/\/sumex.com.es\/ca\/productos\/\",\"name\":\"SUMEX IGUALADA - Productes\",\"isPartOf\":{\"@id\":\"https:\/\/sumex.com.es\/#website\"},\"datePublished\":\"2017-03-16T16:05:11+00:00\",\"dateModified\":\"2020-05-07T10:49:29+00:00\",\"description\":\"Tot el que necessites per a la realitzaci\u00f3 dels teus projectes, amb una \u00e0mplia gamma de productes de m\u00e0xima qualitat per satisfer les teves expectatives\",\"breadcrumb\":{\"@id\":\"https:\/\/sumex.com.es\/ca\/productos\/#breadcrumb\"},\"inLanguage\":\"ca\",\"potentialAction\":[{\"@type\":\"ReadAction\",\"target\":[\"https:\/\/sumex.com.es\/ca\/productos\/\"]}]},{\"@type\":\"BreadcrumbList\",\"@id\":\"https:\/\/sumex.com.es\/ca\/productos\/#breadcrumb\",\"itemListElement\":[{\"@type\":\"ListItem\",\"position\":1,\"name\":\"Portada\",\"item\":\"https:\/\/sumex.com.es\/ca\/\"},{\"@type\":\"ListItem\",\"position\":2,\"name\":\"Productes\"}]},{\"@type\":\"WebSite\",\"@id\":\"https:\/\/sumex.com.es\/#website\",\"url\":\"https:\/\/sumex.com.es\/\",\"name\":\"SUMEX IGUALADA\",\"description\":\"Ba\u00f1os, cocinas, cer\u00e1mica, construcci\u00f3n y reforma, ferreter\u00eda, exterior y excavaciones\",\"potentialAction\":[{\"@type\":\"SearchAction\",\"target\":{\"@type\":\"EntryPoint\",\"urlTemplate\":\"https:\/\/sumex.com.es\/?s={search_term_string}\"},\"query-input\":{\"@type\":\"PropertyValueSpecification\",\"valueRequired\":true,\"valueName\":\"search_term_string\"}}],\"inLanguage\":\"ca\"}]}<\/script>\n<!-- \/ Yoast SEO plugin. -->","yoast_head_json":{"title":"SUMEX IGUALADA - Productes","description":"Tot el que necessites per a la realitzaci\u00f3 dels teus projectes, amb una \u00e0mplia gamma de productes de m\u00e0xima qualitat per satisfer les teves expectatives","robots":{"index":"index","follow":"follow","max-snippet":"max-snippet:-1","max-image-preview":"max-image-preview:large","max-video-preview":"max-video-preview:-1"},"canonical":"https:\/\/sumex.com.es\/ca\/productos\/","og_locale":"ca_ES","og_type":"article","og_title":"SUMEX IGUALADA - Productes","og_description":"Tot el que necessites per a la realitzaci\u00f3 dels teus projectes, amb una \u00e0mplia gamma de productes de m\u00e0xima qualitat per satisfer les teves expectatives","og_url":"https:\/\/sumex.com.es\/ca\/productos\/","og_site_name":"SUMEX IGUALADA","article_modified_time":"2020-05-07T10:49:29+00:00","twitter_card":"summary_large_image","schema":{"@context":"https:\/\/schema.org","@graph":[{"@type":"WebPage","@id":"https:\/\/sumex.com.es\/ca\/productos\/","url":"https:\/\/sumex.com.es\/ca\/productos\/","name":"SUMEX IGUALADA - Productes","isPartOf":{"@id":"https:\/\/sumex.com.es\/#website"},"datePublished":"2017-03-16T16:05:11+00:00","dateModified":"2020-05-07T10:49:29+00:00","description":"Tot el que necessites per a la realitzaci\u00f3 dels teus projectes, amb una \u00e0mplia gamma de productes de m\u00e0xima qualitat per satisfer les teves expectatives","breadcrumb":{"@id":"https:\/\/sumex.com.es\/ca\/productos\/#breadcrumb"},"inLanguage":"ca","potentialAction":[{"@type":"ReadAction","target":["https:\/\/sumex.com.es\/ca\/productos\/"]}]},{"@type":"BreadcrumbList","@id":"https:\/\/sumex.com.es\/ca\/productos\/#breadcrumb","itemListElement":[{"@type":"ListItem","position":1,"name":"Portada","item":"https:\/\/sumex.com.es\/ca\/"},{"@type":"ListItem","position":2,"name":"Productes"}]},{"@type":"WebSite","@id":"https:\/\/sumex.com.es\/#website","url":"https:\/\/sumex.com.es\/","name":"SUMEX IGUALADA","description":"Ba\u00f1os, cocinas, cer\u00e1mica, construcci\u00f3n y reforma, ferreter\u00eda, exterior y excavaciones","potentialAction":[{"@type":"SearchAction","target":{"@type":"EntryPoint","urlTemplate":"https:\/\/sumex.com.es\/?s={search_term_string}"},"query-input":{"@type":"PropertyValueSpecification","valueRequired":true,"valueName":"search_term_string"}}],"inLanguage":"ca"}]}},"_links":{"self":[{"href":"https:\/\/sumex.com.es\/ca\/wp-json\/wp\/v2\/pages\/4317","targetHints":{"allow":["GET"]}}],"collection":[{"href":"https:\/\/sumex.com.es\/ca\/wp-json\/wp\/v2\/pages"}],"about":[{"href":"https:\/\/sumex.com.es\/ca\/wp-json\/wp\/v2\/types\/page"}],"author":[{"embeddable":true,"href":"https:\/\/sumex.com.es\/ca\/wp-json\/wp\/v2\/users\/4"}],"replies":[{"embeddable":true,"href":"https:\/\/sumex.com.es\/ca\/wp-json\/wp\/v2\/comments?post=4317"}],"version-history":[{"count":12,"href":"https:\/\/sumex.com.es\/ca\/wp-json\/wp\/v2\/pages\/4317\/revisions"}],"predecessor-version":[{"id":7239,"href":"https:\/\/sumex.com.es\/ca\/wp-json\/wp\/v2\/pages\/4317\/revisions\/7239"}],"wp:attachment":[{"href":"https:\/\/sumex.com.es\/ca\/wp-json\/wp\/v2\/media?parent=4317"}],"curies":[{"name":"wp","href":"https:\/\/api.w.org\/{rel}","templated":true}]}}